{"id":31,"date":"2024-05-31T14:33:34","date_gmt":"2024-05-31T14:33:34","guid":{"rendered":"https:\/\/ilmatarlodge.fi\/?page_id=31"},"modified":"2026-01-14T10:05:25","modified_gmt":"2026-01-14T10:05:25","slug":"activities","status":"publish","type":"page","link":"https:\/\/ilmatarlodge.fi\/en\/nae-ja-koe\/","title":{"rendered":"Activities"},"content":{"rendered":"<div data-elementor-type=\"wp-page\" data-elementor-id=\"31\" class=\"elementor elementor-31\" data-elementor-post-type=\"page\">\n\t\t\t\t<div class=\"elementor-element elementor-element-b16d223 e-flex e-con-boxed e-con e-parent\" data-id=\"b16d223\" data-element_type=\"container\" data-e-type=\"container\">\n\t\t\t\t\t<div class=\"e-con-inner\">\n\t\t\t\t<div class=\"elementor-element elementor-element-0b620a8 bigtext elementor-widget elementor-widget-text-editor\" data-id=\"0b620a8\" data-element_type=\"widget\" data-e-type=\"widget\" data-widget_type=\"text-editor.default\">\n\t\t\t\t<div class=\"elementor-widget-container\">\n\t\t\t\t\t\t\t\t\t<p>Well-being from nature<\/p>\t\t\t\t\t\t\t\t<\/div>\n\t\t\t\t<\/div>\n\t\t\t\t<div class=\"elementor-element elementor-element-413ef38 elementor-widget elementor-widget-text-editor\" data-id=\"413ef38\" data-element_type=\"widget\" data-e-type=\"widget\" data-widget_type=\"text-editor.default\">\n\t\t\t\t<div class=\"elementor-widget-container\">\n\t\t\t\t\t\t\t\t\t<p>Uurainen is a nature-oriented municipality in the heart of Finland. Diverse outdoor and nature trails serve travelers throughout the year.<\/p><p>The silence of nature, fresh air and Ilmatar\u2019s unique surroundings offer the perfect setting for year-round experiences. Our activities are suitable for corporate groups, couples and groups of friends who want to experience something new and authentic.<\/p><p>All activities can be combined with other Ilmatar services, such as sauna evenings, meeting days, or accommodation. We will design the perfect package together, tailored to your wishes.<\/p>\t\t\t\t\t\t\t\t<\/div>\n\t\t\t\t<\/div>\n\t\t\t\t\t<\/div>\n\t\t\t\t<\/div>\n\t\t<div class=\"elementor-element elementor-element-051e878 e-flex e-con-boxed e-con e-parent\" data-id=\"051e878\" data-element_type=\"container\" data-e-type=\"container\" data-settings=\"{&quot;animation&quot;:&quot;none&quot;}\">\n\t\t\t\t\t<div class=\"e-con-inner\">\n\t\t<div class=\"elementor-element elementor-element-c400023 e-con-full e-flex e-con e-child\" data-id=\"c400023\" data-element_type=\"container\" data-e-type=\"container\">\n\t\t\t\t<div class=\"elementor-element elementor-element-ad94c96 elementor-widget elementor-widget-image\" data-id=\"ad94c96\" data-element_type=\"widget\" data-e-type=\"widget\" data-widget_type=\"image.default\">\n\t\t\t\t<div class=\"elementor-widget-container\">\n\t\t\t\t\t\t\t\t\t\t\t\t\t\t\t<img fetchpriority=\"high\" decoding=\"async\" width=\"768\" height=\"768\" src=\"https:\/\/ilmatarlodge.fi\/wp-content\/uploads\/valinevuokraus.jpg\" class=\"attachment-medium_large size-medium_large wp-image-202\" alt=\"Equipment Rental\" srcset=\"https:\/\/ilmatarlodge.fi\/wp-content\/uploads\/valinevuokraus.jpg 768w, https:\/\/ilmatarlodge.fi\/wp-content\/uploads\/valinevuokraus-300x300.jpg 300w, https:\/\/ilmatarlodge.fi\/wp-content\/uploads\/valinevuokraus-150x150.jpg 150w\" sizes=\"(max-width: 768px) 100vw, 768px\" \/>\t\t\t\t\t\t\t\t\t\t\t\t\t\t\t<\/div>\n\t\t\t\t<\/div>\n\t\t\t\t<\/div>\n\t\t<div class=\"elementor-element elementor-element-795c1b7 e-con-full e-flex e-con e-child\" data-id=\"795c1b7\" data-element_type=\"container\" data-e-type=\"container\">\n\t\t\t\t<div class=\"elementor-element elementor-element-2285b6c elementor-widget elementor-widget-heading\" data-id=\"2285b6c\" data-element_type=\"widget\" data-e-type=\"widget\" data-widget_type=\"heading.default\">\n\t\t\t\t<div class=\"elementor-widget-container\">\n\t\t\t\t\t<h2 class=\"elementor-heading-title elementor-size-default\">Equipment Rental<\/h2>\t\t\t\t<\/div>\n\t\t\t\t<\/div>\n\t\t\t\t<div class=\"elementor-element elementor-element-5bc5764 elementor-widget elementor-widget-text-editor\" data-id=\"5bc5764\" data-element_type=\"widget\" data-e-type=\"widget\" data-widget_type=\"text-editor.default\">\n\t\t\t\t<div class=\"elementor-widget-container\">\n\t\t\t\t\t\t\t\t\t<p>We offer rental equipment to our guests for independent excursions and nature experiences. Whether you want to hop on a bike and cruise along the sandy paths or explore the winter landscape with snowshoes \u2013 we've got you covered!<\/p><ul><li>Sliding snowhoes \u2013 30 \u20ac \/ day<\/li><li>Snowshoes \u2013 20 \u20ac \/ day<\/li><li>Electric bike \u2013 70 \u20ac \/ day<\/li><\/ul><p>Feel free to inquire about the available rental equipment.<\/p>\t\t\t\t\t\t\t\t<\/div>\n\t\t\t\t<\/div>\n\t\t\t\t<div class=\"elementor-element elementor-element-03e70a2 elementor-align-justify elementor-widget elementor-widget-button\" data-id=\"03e70a2\" data-element_type=\"widget\" data-e-type=\"widget\" data-widget_type=\"button.default\">\n\t\t\t\t<div class=\"elementor-widget-container\">\n\t\t\t\t\t\t\t\t\t<div class=\"elementor-button-wrapper\">\n\t\t\t\t\t<a class=\"elementor-button elementor-button-link elementor-size-sm\" href=\"\/en\/contact\/\">\n\t\t\t\t\t\t<span class=\"elementor-button-content-wrapper\">\n\t\t\t\t\t\t\t\t\t<span class=\"elementor-button-text\">Contact Us<\/span>\n\t\t\t\t\t<\/span>\n\t\t\t\t\t<\/a>\n\t\t\t\t<\/div>\n\t\t\t\t\t\t\t\t<\/div>\n\t\t\t\t<\/div>\n\t\t\t\t<\/div>\n\t\t\t\t\t<\/div>\n\t\t\t\t<\/div>\n\t\t<div class=\"elementor-element elementor-element-df5a5be e-flex e-con-boxed e-con e-parent\" data-id=\"df5a5be\" data-element_type=\"container\" data-e-type=\"container\" data-settings=\"{&quot;background_background&quot;:&quot;classic&quot;,&quot;animation&quot;:&quot;none&quot;}\">\n\t\t\t\t\t<div class=\"e-con-inner\">\n\t\t<div class=\"elementor-element elementor-element-344167d e-con-full e-flex e-con e-child\" data-id=\"344167d\" data-element_type=\"container\" data-e-type=\"container\">\n\t\t\t\t<div class=\"elementor-element elementor-element-2280f99 elementor-widget elementor-widget-image\" data-id=\"2280f99\" data-element_type=\"widget\" data-e-type=\"widget\" data-widget_type=\"image.default\">\n\t\t\t\t<div class=\"elementor-widget-container\">\n\t\t\t\t\t\t\t\t\t\t\t\t\t\t\t<img decoding=\"async\" width=\"768\" height=\"768\" src=\"https:\/\/ilmatarlodge.fi\/wp-content\/uploads\/keski-suomi.jpg\" class=\"attachment-medium_large size-medium_large wp-image-203\" alt=\"Central Finland\" srcset=\"https:\/\/ilmatarlodge.fi\/wp-content\/uploads\/keski-suomi.jpg 768w, https:\/\/ilmatarlodge.fi\/wp-content\/uploads\/keski-suomi-300x300.jpg 300w, https:\/\/ilmatarlodge.fi\/wp-content\/uploads\/keski-suomi-150x150.jpg 150w\" sizes=\"(max-width: 768px) 100vw, 768px\" \/>\t\t\t\t\t\t\t\t\t\t\t\t\t\t\t<\/div>\n\t\t\t\t<\/div>\n\t\t\t\t<\/div>\n\t\t<div class=\"elementor-element elementor-element-6f82d8f e-con-full e-flex e-con e-child\" data-id=\"6f82d8f\" data-element_type=\"container\" data-e-type=\"container\">\n\t\t\t\t<div class=\"elementor-element elementor-element-ace61fc elementor-widget elementor-widget-heading\" data-id=\"ace61fc\" data-element_type=\"widget\" data-e-type=\"widget\" data-widget_type=\"heading.default\">\n\t\t\t\t<div class=\"elementor-widget-container\">\n\t\t\t\t\t<h2 class=\"elementor-heading-title elementor-size-default\">Discover Central Finland<\/h2>\t\t\t\t<\/div>\n\t\t\t\t<\/div>\n\t\t\t\t<div class=\"elementor-element elementor-element-9a001ab elementor-widget elementor-widget-text-editor\" data-id=\"9a001ab\" data-element_type=\"widget\" data-e-type=\"widget\" data-widget_type=\"text-editor.default\">\n\t\t\t\t<div class=\"elementor-widget-container\">\n\t\t\t\t\t\t\t\t\t<p>Central Finland is renowned for its stunning nature, including its four national parks and 3,700 lakes. Known as the Land of Saunas, this tourism area attracts visitors with its unique events and vibrant tourist centers. The architecture of Alvar Aalto and the region's two UNESCO sites leave travelers with unforgettable memories, while the central city of Jyv\u00e4skyl\u00e4 is full of things to see and do.<\/p><p>Learn more about the region's municipalities and cities and their characteristics on the Visit Jyv\u00e4skyl\u00e4 website.<\/p><p><a href=\"https:\/\/visitjyvaskyla.fi\/\" target=\"_blank\" rel=\"noopener\">visitjyvaskyla.fi<\/a><\/p>\t\t\t\t\t\t\t\t<\/div>\n\t\t\t\t<\/div>\n\t\t\t\t<\/div>\n\t\t\t\t\t<\/div>\n\t\t\t\t<\/div>\n\t\t<div class=\"elementor-element elementor-element-bbe507f animated-slow e-flex e-con-boxed e-con e-parent\" data-id=\"bbe507f\" data-element_type=\"container\" data-e-type=\"container\" data-settings=\"{&quot;animation&quot;:&quot;none&quot;}\">\n\t\t\t\t\t<div class=\"e-con-inner\">\n\t\t<div class=\"elementor-element elementor-element-9070cbf e-con-full e-flex e-con e-child\" data-id=\"9070cbf\" data-element_type=\"container\" data-e-type=\"container\">\n\t\t\t\t<div class=\"elementor-element elementor-element-8ce6994 elementor-widget elementor-widget-image\" data-id=\"8ce6994\" data-element_type=\"widget\" data-e-type=\"widget\" data-widget_type=\"image.default\">\n\t\t\t\t<div class=\"elementor-widget-container\">\n\t\t\t\t\t\t\t\t\t\t\t\t\t\t\t<img decoding=\"async\" width=\"768\" height=\"768\" src=\"https:\/\/ilmatarlodge.fi\/wp-content\/uploads\/suomen-ilmavoimamuseo.jpg\" class=\"attachment-medium_large size-medium_large wp-image-204\" alt=\"Suomen ilmavoimamuseo\" srcset=\"https:\/\/ilmatarlodge.fi\/wp-content\/uploads\/suomen-ilmavoimamuseo.jpg 768w, https:\/\/ilmatarlodge.fi\/wp-content\/uploads\/suomen-ilmavoimamuseo-300x300.jpg 300w, https:\/\/ilmatarlodge.fi\/wp-content\/uploads\/suomen-ilmavoimamuseo-150x150.jpg 150w\" sizes=\"(max-width: 768px) 100vw, 768px\" \/>\t\t\t\t\t\t\t\t\t\t\t\t\t\t\t<\/div>\n\t\t\t\t<\/div>\n\t\t\t\t<\/div>\n\t\t<div class=\"elementor-element elementor-element-67a1b8f e-con-full e-flex e-con e-child\" data-id=\"67a1b8f\" data-element_type=\"container\" data-e-type=\"container\">\n\t\t\t\t<div class=\"elementor-element elementor-element-7ea0472 elementor-widget elementor-widget-heading\" data-id=\"7ea0472\" data-element_type=\"widget\" data-e-type=\"widget\" data-widget_type=\"heading.default\">\n\t\t\t\t<div class=\"elementor-widget-container\">\n\t\t\t\t\t<h2 class=\"elementor-heading-title elementor-size-default\">Visit the Finnish Air Force Museum in Tikkakoski <\/h2>\t\t\t\t<\/div>\n\t\t\t\t<\/div>\n\t\t\t\t<div class=\"elementor-element elementor-element-11f55c1 elementor-widget elementor-widget-text-editor\" data-id=\"11f55c1\" data-element_type=\"widget\" data-e-type=\"widget\" data-widget_type=\"text-editor.default\">\n\t\t\t\t<div class=\"elementor-widget-container\">\n\t\t\t\t\t\t\t\t\t<p>Preserving the history and traditions of the Finnish Air Force.<\/p><p>We showcase Finnish military aviation history from the 1910s to the present day. We are a collaborative museum with the Military Museum. The main exhibition consists mainly of aircraft, engines, and flying equipment used by the Finnish Air Force. In addition, there are rotating exhibitions throughout the exhibition hall.<\/p><p>We conserve and restore aircraft and other items used by the Air Force. The conservation aims to preserve the objects as authentically as possible while respecting their originality.<\/p><p><a href=\"http:\/\/ilmavoimamuseo.fi\" target=\"_blank\" rel=\"noopener\">ilmavoimamuseo.fi<\/a><\/p>\t\t\t\t\t\t\t\t<\/div>\n\t\t\t\t<\/div>\n\t\t\t\t<\/div>\n\t\t\t\t\t<\/div>\n\t\t\t\t<\/div>\n\t\t\t\t<\/div>","protected":false},"excerpt":{"rendered":"<p>Hyvinvointia luonnosta Uurainen on luonnonl\u00e4heinen kunta keskell\u00e4 Suomea. Monipuoliset ulkoilu -ja luontoreitit palvelevat matkailijaa ymp\u00e4ri vuoden. Luonnon rauha, puhdas ilma ja Ilmattaren ainutlaatuinen ymp\u00e4rist\u00f6 tarjoavat t\u00e4ydelliset puitteet el\u00e4myksille ymp\u00e4ri vuoden. Meid\u00e4n aktiviteettimme sopivat niin yritysryhmille, pariskunnille kuin yst\u00e4v\u00e4porukoille, jotka haluavat kokea jotain uutta ja aitoa. Kaikki aktiviteetit voidaan yhdist\u00e4\u00e4 muihin Ilmattaren palveluihin, kuten saunailtoihin, kokousp\u00e4iviin &#8230; <a title=\"To see &amp; Experience\" class=\"read-more\" href=\"https:\/\/ilmatarlodge.fi\/en\/nae-ja-koe\/\" aria-label=\"Read more about N\u00e4e &amp; Koe\">Read more<\/a><\/p>","protected":false},"author":1,"featured_media":1272,"parent":0,"menu_order":0,"comment_status":"closed","ping_status":"closed","template":"","meta":{"footnotes":""},"class_list":["post-31","page","type-page","status-publish","has-post-thumbnail"],"yoast_head":"<!-- This site is optimized with the Yoast SEO plugin v27.4 - https:\/\/yoast.com\/product\/yoast-seo-wordpress\/ -->\n<title>N\u00e4e &amp; Koe - ILMATAR Airplane Lodge<\/title>\n<meta name=\"description\" content=\"Lentokonemajoituksessa tarjolla on monipuolisia aktiviteetteja, jotka tekev\u00e4t vierailustasi ikimuistoisen.\" \/>\n<meta name=\"robots\" content=\"index, follow, max-snippet:-1, max-image-preview:large, max-video-preview:-1\" \/>\n<link rel=\"canonical\" href=\"https:\/\/ilmatarlodge.fi\/en\/activities\/\" \/>\n<meta property=\"og:locale\" content=\"en_US\" \/>\n<meta property=\"og:type\" content=\"article\" \/>\n<meta property=\"og:title\" content=\"N\u00e4e &amp; Koe - ILMATAR Airplane Lodge\" \/>\n<meta property=\"og:description\" content=\"Lentokonemajoituksessa tarjolla on monipuolisia aktiviteetteja, jotka tekev\u00e4t vierailustasi ikimuistoisen.\" \/>\n<meta property=\"og:url\" content=\"https:\/\/ilmatarlodge.fi\/en\/activities\/\" \/>\n<meta property=\"og:site_name\" content=\"ILMATAR Airplane Lodge\" \/>\n<meta property=\"article:modified_time\" content=\"2026-01-14T10:05:25+00:00\" \/>\n<meta property=\"og:image\" content=\"https:\/\/ilmatarlodge.fi\/wp-content\/uploads\/ilmatar-airplane-lodge-ulkoa-5-1024x767.jpg\" \/>\n\t<meta property=\"og:image:width\" content=\"1024\" \/>\n\t<meta property=\"og:image:height\" content=\"767\" \/>\n\t<meta property=\"og:image:type\" content=\"image\/jpeg\" \/>\n<meta name=\"twitter:card\" content=\"summary_large_image\" \/>\n<meta name=\"twitter:label1\" content=\"Est. reading time\" \/>\n\t<meta name=\"twitter:data1\" content=\"2 minutes\" \/>\n<script type=\"application\/ld+json\" class=\"yoast-schema-graph\">{\"@context\":\"https:\\\/\\\/schema.org\",\"@graph\":[{\"@type\":\"WebPage\",\"@id\":\"https:\\\/\\\/ilmatarlodge.fi\\\/nae-ja-koe\\\/\",\"url\":\"https:\\\/\\\/ilmatarlodge.fi\\\/nae-ja-koe\\\/\",\"name\":\"N\u00e4e & Koe - ILMATAR Airplane Lodge\",\"isPartOf\":{\"@id\":\"https:\\\/\\\/ilmatarlodge.fi\\\/#website\"},\"primaryImageOfPage\":{\"@id\":\"https:\\\/\\\/ilmatarlodge.fi\\\/nae-ja-koe\\\/#primaryimage\"},\"image\":{\"@id\":\"https:\\\/\\\/ilmatarlodge.fi\\\/nae-ja-koe\\\/#primaryimage\"},\"thumbnailUrl\":\"https:\\\/\\\/ilmatarlodge.fi\\\/wp-content\\\/uploads\\\/ilmatar-airplane-lodge-ulkoa-5.jpg\",\"datePublished\":\"2024-05-31T14:33:34+00:00\",\"dateModified\":\"2026-01-14T10:05:25+00:00\",\"description\":\"Lentokonemajoituksessa tarjolla on monipuolisia aktiviteetteja, jotka tekev\u00e4t vierailustasi ikimuistoisen.\",\"breadcrumb\":{\"@id\":\"https:\\\/\\\/ilmatarlodge.fi\\\/nae-ja-koe\\\/#breadcrumb\"},\"inLanguage\":\"en-US\",\"potentialAction\":[{\"@type\":\"ReadAction\",\"target\":[\"https:\\\/\\\/ilmatarlodge.fi\\\/nae-ja-koe\\\/\"]}]},{\"@type\":\"ImageObject\",\"inLanguage\":\"en-US\",\"@id\":\"https:\\\/\\\/ilmatarlodge.fi\\\/nae-ja-koe\\\/#primaryimage\",\"url\":\"https:\\\/\\\/ilmatarlodge.fi\\\/wp-content\\\/uploads\\\/ilmatar-airplane-lodge-ulkoa-5.jpg\",\"contentUrl\":\"https:\\\/\\\/ilmatarlodge.fi\\\/wp-content\\\/uploads\\\/ilmatar-airplane-lodge-ulkoa-5.jpg\",\"width\":1709,\"height\":1280,\"caption\":\"\u00a9 Valtteri Vainio Photography\"},{\"@type\":\"BreadcrumbList\",\"@id\":\"https:\\\/\\\/ilmatarlodge.fi\\\/nae-ja-koe\\\/#breadcrumb\",\"itemListElement\":[{\"@type\":\"ListItem\",\"position\":1,\"name\":\"Etusivu\",\"item\":\"https:\\\/\\\/ilmatarlodge.fi\\\/\"},{\"@type\":\"ListItem\",\"position\":2,\"name\":\"N\u00e4e &amp; Koe\"}]},{\"@type\":\"WebSite\",\"@id\":\"https:\\\/\\\/ilmatarlodge.fi\\\/#website\",\"url\":\"https:\\\/\\\/ilmatarlodge.fi\\\/\",\"name\":\"ILMATAR Airplane Lodge\",\"description\":\"Uniikki lentokonemajoitus keskell&auml; kauneinta suomalaista maaseutua\",\"publisher\":{\"@id\":\"https:\\\/\\\/ilmatarlodge.fi\\\/#organization\"},\"potentialAction\":[{\"@type\":\"SearchAction\",\"target\":{\"@type\":\"EntryPoint\",\"urlTemplate\":\"https:\\\/\\\/ilmatarlodge.fi\\\/?s={search_term_string}\"},\"query-input\":{\"@type\":\"PropertyValueSpecification\",\"valueRequired\":true,\"valueName\":\"search_term_string\"}}],\"inLanguage\":\"en-US\"},{\"@type\":\"Organization\",\"@id\":\"https:\\\/\\\/ilmatarlodge.fi\\\/#organization\",\"name\":\"ILMATAR Airplane Lodge\",\"url\":\"https:\\\/\\\/ilmatarlodge.fi\\\/\",\"logo\":{\"@type\":\"ImageObject\",\"inLanguage\":\"en-US\",\"@id\":\"https:\\\/\\\/ilmatarlodge.fi\\\/#\\\/schema\\\/logo\\\/image\\\/\",\"url\":\"https:\\\/\\\/ilmatarlodge.fi\\\/wp-content\\\/uploads\\\/ilmatarlodge-icon.svg\",\"contentUrl\":\"https:\\\/\\\/ilmatarlodge.fi\\\/wp-content\\\/uploads\\\/ilmatarlodge-icon.svg\",\"width\":1080,\"height\":1080,\"caption\":\"ILMATAR Airplane Lodge\"},\"image\":{\"@id\":\"https:\\\/\\\/ilmatarlodge.fi\\\/#\\\/schema\\\/logo\\\/image\\\/\"}}]}<\/script>\n<!-- \/ Yoast SEO plugin. -->","yoast_head_json":{"title":"Activities - ILMATAR Airplane Lodge","description":"Airplane accommodation offers versatile activities that will make your stay memorable.","robots":{"index":"index","follow":"follow","max-snippet":"max-snippet:-1","max-image-preview":"max-image-preview:large","max-video-preview":"max-video-preview:-1"},"canonical":"https:\/\/ilmatarlodge.fi\/en\/activities\/","og_locale":"en_US","og_type":"article","og_title":"N\u00e4e & Koe - ILMATAR Airplane Lodge","og_description":"Lentokonemajoituksessa tarjolla on monipuolisia aktiviteetteja, jotka tekev\u00e4t vierailustasi ikimuistoisen.","og_url":"https:\/\/ilmatarlodge.fi\/en\/activities\/","og_site_name":"ILMATAR Airplane Lodge","article_modified_time":"2026-01-14T10:05:25+00:00","og_image":[{"width":1024,"height":767,"url":"https:\/\/ilmatarlodge.fi\/wp-content\/uploads\/ilmatar-airplane-lodge-ulkoa-5-1024x767.jpg","type":"image\/jpeg"}],"twitter_card":"summary_large_image","twitter_misc":{"Est. reading time":"2 minutes"},"schema":{"@context":"https:\/\/schema.org","@graph":[{"@type":"WebPage","@id":"https:\/\/ilmatarlodge.fi\/nae-ja-koe\/","url":"https:\/\/ilmatarlodge.fi\/nae-ja-koe\/","name":"Activities - ILMATAR Airplane Lodge","isPartOf":{"@id":"https:\/\/ilmatarlodge.fi\/#website"},"primaryImageOfPage":{"@id":"https:\/\/ilmatarlodge.fi\/nae-ja-koe\/#primaryimage"},"image":{"@id":"https:\/\/ilmatarlodge.fi\/nae-ja-koe\/#primaryimage"},"thumbnailUrl":"https:\/\/ilmatarlodge.fi\/wp-content\/uploads\/ilmatar-airplane-lodge-ulkoa-5.jpg","datePublished":"2024-05-31T14:33:34+00:00","dateModified":"2026-01-14T10:05:25+00:00","description":"Airplane accommodation offers versatile activities that will make your stay memorable.","breadcrumb":{"@id":"https:\/\/ilmatarlodge.fi\/nae-ja-koe\/#breadcrumb"},"inLanguage":"en-US","potentialAction":[{"@type":"ReadAction","target":["https:\/\/ilmatarlodge.fi\/nae-ja-koe\/"]}]},{"@type":"ImageObject","inLanguage":"en-US","@id":"https:\/\/ilmatarlodge.fi\/nae-ja-koe\/#primaryimage","url":"https:\/\/ilmatarlodge.fi\/wp-content\/uploads\/ilmatar-airplane-lodge-ulkoa-5.jpg","contentUrl":"https:\/\/ilmatarlodge.fi\/wp-content\/uploads\/ilmatar-airplane-lodge-ulkoa-5.jpg","width":1709,"height":1280,"caption":"\u00a9 Valtteri Vainio Photography"},{"@type":"BreadcrumbList","@id":"https:\/\/ilmatarlodge.fi\/nae-ja-koe\/#breadcrumb","itemListElement":[{"@type":"ListItem","position":1,"name":"Etusivu","item":"https:\/\/ilmatarlodge.fi\/"},{"@type":"ListItem","position":2,"name":"N\u00e4e &amp; Koe"}]},{"@type":"WebSite","@id":"https:\/\/ilmatarlodge.fi\/#website","url":"https:\/\/ilmatarlodge.fi\/","name":"ILMATAR Airplane Lodge","description":"Uniikki lentokonemajoitus keskell&auml; kauneinta suomalaista maaseutua","publisher":{"@id":"https:\/\/ilmatarlodge.fi\/#organization"},"potentialAction":[{"@type":"SearchAction","target":{"@type":"EntryPoint","urlTemplate":"https:\/\/ilmatarlodge.fi\/?s={search_term_string}"},"query-input":{"@type":"PropertyValueSpecification","valueRequired":true,"valueName":"search_term_string"}}],"inLanguage":"en-US"},{"@type":"Organization","@id":"https:\/\/ilmatarlodge.fi\/#organization","name":"ILMATAR Airplane Lodge","url":"https:\/\/ilmatarlodge.fi\/","logo":{"@type":"ImageObject","inLanguage":"en-US","@id":"https:\/\/ilmatarlodge.fi\/#\/schema\/logo\/image\/","url":"https:\/\/ilmatarlodge.fi\/wp-content\/uploads\/ilmatarlodge-icon.svg","contentUrl":"https:\/\/ilmatarlodge.fi\/wp-content\/uploads\/ilmatarlodge-icon.svg","width":1080,"height":1080,"caption":"ILMATAR Airplane Lodge"},"image":{"@id":"https:\/\/ilmatarlodge.fi\/#\/schema\/logo\/image\/"}}]}},"_links":{"self":[{"href":"https:\/\/ilmatarlodge.fi\/en\/wp-json\/wp\/v2\/pages\/31","targetHints":{"allow":["GET"]}}],"collection":[{"href":"https:\/\/ilmatarlodge.fi\/en\/wp-json\/wp\/v2\/pages"}],"about":[{"href":"https:\/\/ilmatarlodge.fi\/en\/wp-json\/wp\/v2\/types\/page"}],"author":[{"embeddable":true,"href":"https:\/\/ilmatarlodge.fi\/en\/wp-json\/wp\/v2\/users\/1"}],"replies":[{"embeddable":true,"href":"https:\/\/ilmatarlodge.fi\/en\/wp-json\/wp\/v2\/comments?post=31"}],"version-history":[{"count":62,"href":"https:\/\/ilmatarlodge.fi\/en\/wp-json\/wp\/v2\/pages\/31\/revisions"}],"predecessor-version":[{"id":1788,"href":"https:\/\/ilmatarlodge.fi\/en\/wp-json\/wp\/v2\/pages\/31\/revisions\/1788"}],"wp:featuredmedia":[{"embeddable":true,"href":"https:\/\/ilmatarlodge.fi\/en\/wp-json\/wp\/v2\/media\/1272"}],"wp:attachment":[{"href":"https:\/\/ilmatarlodge.fi\/en\/wp-json\/wp\/v2\/media?parent=31"}],"curies":[{"name":"wp","href":"https:\/\/api.w.org\/{rel}","templated":true}]}}