{"id":27,"date":"2024-05-31T14:33:08","date_gmt":"2024-05-31T14:33:08","guid":{"rendered":"https:\/\/ilmatarlodge.fi\/?page_id=27"},"modified":"2024-09-04T17:33:52","modified_gmt":"2024-09-04T17:33:52","slug":"contact","status":"publish","type":"page","link":"https:\/\/ilmatarlodge.fi\/en\/yhteystiedot\/","title":{"rendered":"Contact"},"content":{"rendered":"\t\t<div data-elementor-type=\"wp-page\" data-elementor-id=\"27\" class=\"elementor elementor-27\" data-elementor-post-type=\"page\">\n\t\t\t\t<div class=\"elementor-element elementor-element-2df5988 e-flex e-con-boxed e-con e-parent\" data-id=\"2df5988\" data-element_type=\"container\" data-e-type=\"container\">\n\t\t\t\t\t<div class=\"e-con-inner\">\n\t\t<div class=\"elementor-element elementor-element-97d92ee e-con-full e-flex e-con e-child\" data-id=\"97d92ee\" data-element_type=\"container\" data-e-type=\"container\">\n\t\t\t\t<div class=\"elementor-element elementor-element-a50a53b elementor-widget elementor-widget-image\" data-id=\"a50a53b\" data-element_type=\"widget\" data-e-type=\"widget\" data-widget_type=\"image.default\">\n\t\t\t\t<div class=\"elementor-widget-container\">\n\t\t\t\t\t\t\t\t\t\t\t\t\t\t\t<img fetchpriority=\"high\" decoding=\"async\" width=\"768\" height=\"768\" src=\"https:\/\/ilmatarlodge.fi\/wp-content\/uploads\/mandi-moisio.jpg\" class=\"attachment-medium_large size-medium_large wp-image-151\" alt=\"Mandi Moisio\" srcset=\"https:\/\/ilmatarlodge.fi\/wp-content\/uploads\/mandi-moisio.jpg 768w, https:\/\/ilmatarlodge.fi\/wp-content\/uploads\/mandi-moisio-300x300.jpg 300w, https:\/\/ilmatarlodge.fi\/wp-content\/uploads\/mandi-moisio-150x150.jpg 150w\" sizes=\"(max-width: 768px) 100vw, 768px\" \/>\t\t\t\t\t\t\t\t\t\t\t\t\t\t\t<\/div>\n\t\t\t\t<\/div>\n\t\t\t\t<div class=\"elementor-element elementor-element-092767f elementor-widget elementor-widget-heading\" data-id=\"092767f\" data-element_type=\"widget\" data-e-type=\"widget\" data-widget_type=\"heading.default\">\n\t\t\t\t<div class=\"elementor-widget-container\">\n\t\t\t\t\t<h2 class=\"elementor-heading-title elementor-size-default\">Mandi Moisio<\/h2>\t\t\t\t<\/div>\n\t\t\t\t<\/div>\n\t\t\t\t<div class=\"elementor-element elementor-element-3f58f89 jobtitle elementor-widget elementor-widget-text-editor\" data-id=\"3f58f89\" data-element_type=\"widget\" data-e-type=\"widget\" data-widget_type=\"text-editor.default\">\n\t\t\t\t<div class=\"elementor-widget-container\">\n\t\t\t\t\t\t\t\t\t<p>Varaukset &amp; Markkinointi<\/p>\t\t\t\t\t\t\t\t<\/div>\n\t\t\t\t<\/div>\n\t\t\t\t<div class=\"elementor-element elementor-element-a26a430 contactdetails elementor-widget elementor-widget-text-editor\" data-id=\"a26a430\" data-element_type=\"widget\" data-e-type=\"widget\" data-widget_type=\"text-editor.default\">\n\t\t\t\t<div class=\"elementor-widget-container\">\n\t\t\t\t\t\t\t\t\t<p>+358442523070<\/p><p>mandi@ilmatarlodge.fi<\/p>\t\t\t\t\t\t\t\t<\/div>\n\t\t\t\t<\/div>\n\t\t\t\t<\/div>\n\t\t<div class=\"elementor-element elementor-element-ce1b41f e-con-full e-flex e-con e-child\" data-id=\"ce1b41f\" data-element_type=\"container\" data-e-type=\"container\">\n\t\t\t\t<div class=\"elementor-element elementor-element-fd8ab8e elementor-widget elementor-widget-image\" data-id=\"fd8ab8e\" data-element_type=\"widget\" data-e-type=\"widget\" data-widget_type=\"image.default\">\n\t\t\t\t<div class=\"elementor-widget-container\">\n\t\t\t\t\t\t\t\t\t\t\t\t\t\t\t<img decoding=\"async\" width=\"768\" height=\"768\" src=\"https:\/\/ilmatarlodge.fi\/wp-content\/uploads\/oskari-moisio.jpg\" class=\"attachment-medium_large size-medium_large wp-image-152\" alt=\"Oskari Moisio\" srcset=\"https:\/\/ilmatarlodge.fi\/wp-content\/uploads\/oskari-moisio.jpg 768w, https:\/\/ilmatarlodge.fi\/wp-content\/uploads\/oskari-moisio-300x300.jpg 300w, https:\/\/ilmatarlodge.fi\/wp-content\/uploads\/oskari-moisio-150x150.jpg 150w\" sizes=\"(max-width: 768px) 100vw, 768px\" \/>\t\t\t\t\t\t\t\t\t\t\t\t\t\t\t<\/div>\n\t\t\t\t<\/div>\n\t\t\t\t<div class=\"elementor-element elementor-element-abbe113 elementor-widget elementor-widget-heading\" data-id=\"abbe113\" data-element_type=\"widget\" data-e-type=\"widget\" data-widget_type=\"heading.default\">\n\t\t\t\t<div class=\"elementor-widget-container\">\n\t\t\t\t\t<h2 class=\"elementor-heading-title elementor-size-default\">Oskari Moisio<\/h2>\t\t\t\t<\/div>\n\t\t\t\t<\/div>\n\t\t\t\t<div class=\"elementor-element elementor-element-71f58e4 jobtitle elementor-widget elementor-widget-text-editor\" data-id=\"71f58e4\" data-element_type=\"widget\" data-e-type=\"widget\" data-widget_type=\"text-editor.default\">\n\t\t\t\t<div class=\"elementor-widget-container\">\n\t\t\t\t\t\t\t\t\t<p>Hallinto &amp; Talous<\/p>\t\t\t\t\t\t\t\t<\/div>\n\t\t\t\t<\/div>\n\t\t\t\t<div class=\"elementor-element elementor-element-6d98ef6 contactdetails elementor-widget elementor-widget-text-editor\" data-id=\"6d98ef6\" data-element_type=\"widget\" data-e-type=\"widget\" data-widget_type=\"text-editor.default\">\n\t\t\t\t<div class=\"elementor-widget-container\">\n\t\t\t\t\t\t\t\t\t<p>+358504940203<\/p><p>oskari@ilmatarlodge.fi<\/p>\t\t\t\t\t\t\t\t<\/div>\n\t\t\t\t<\/div>\n\t\t\t\t<\/div>\n\t\t\t\t\t<\/div>\n\t\t\t\t<\/div>\n\t\t<div class=\"elementor-element elementor-element-27be69d e-flex e-con-boxed e-con e-parent\" data-id=\"27be69d\" data-element_type=\"container\" data-e-type=\"container\">\n\t\t\t\t\t<div class=\"e-con-inner\">\n\t\t\t\t<div class=\"elementor-element elementor-element-1db0b9b elementor-button-align-stretch elementor-widget elementor-widget-form\" data-id=\"1db0b9b\" data-element_type=\"widget\" data-e-type=\"widget\" data-settings=\"{&quot;step_next_label&quot;:&quot;Next&quot;,&quot;step_previous_label&quot;:&quot;Previous&quot;,&quot;button_width&quot;:&quot;100&quot;,&quot;step_type&quot;:&quot;number_text&quot;,&quot;step_icon_shape&quot;:&quot;circle&quot;}\" data-widget_type=\"form.default\">\n\t\t\t\t<div class=\"elementor-widget-container\">\n\t\t\t\t\t\t\t<form class=\"elementor-form\" method=\"post\" name=\"New Form\" aria-label=\"New Form\">\n\t\t\t<input type=\"hidden\" name=\"post_id\" value=\"27\"\/>\n\t\t\t<input type=\"hidden\" name=\"form_id\" value=\"1db0b9b\"\/>\n\t\t\t<input type=\"hidden\" name=\"referer_title\" value=\"Yhteystiedot - ILMATAR Airplane Lodge\" \/>\n\n\t\t\t\t\t\t\t<input type=\"hidden\" name=\"queried_id\" value=\"27\"\/>\n\t\t\t\n\t\t\t<div class=\"elementor-form-fields-wrapper elementor-labels-above\">\n\t\t\t\t\t\t\t\t<div class=\"elementor-field-type-text elementor-field-group elementor-column elementor-field-group-name elementor-col-100 elementor-field-required elementor-mark-required\">\n\t\t\t\t\t\t\t\t\t\t\t\t<label for=\"form-field-name\" class=\"elementor-field-label\">\n\t\t\t\t\t\t\t\tNimi\t\t\t\t\t\t\t<\/label>\n\t\t\t\t\t\t\t\t\t\t\t\t\t\t<input size=\"1\" type=\"text\" name=\"form_fields[name]\" id=\"form-field-name\" class=\"elementor-field elementor-size-sm  elementor-field-textual\" required=\"required\">\n\t\t\t\t\t\t\t\t\t\t\t<\/div>\n\t\t\t\t\t\t\t\t<div class=\"elementor-field-type-email elementor-field-group elementor-column elementor-field-group-email elementor-col-100 elementor-field-required elementor-mark-required\">\n\t\t\t\t\t\t\t\t\t\t\t\t<label for=\"form-field-email\" class=\"elementor-field-label\">\n\t\t\t\t\t\t\t\tS\u00e4hk\u00f6posti\t\t\t\t\t\t\t<\/label>\n\t\t\t\t\t\t\t\t\t\t\t\t\t\t<input size=\"1\" type=\"email\" name=\"form_fields[email]\" id=\"form-field-email\" class=\"elementor-field elementor-size-sm  elementor-field-textual\" required=\"required\">\n\t\t\t\t\t\t\t\t\t\t\t<\/div>\n\t\t\t\t\t\t\t\t<div class=\"elementor-field-type-textarea elementor-field-group elementor-column elementor-field-group-message elementor-col-100 elementor-field-required elementor-mark-required\">\n\t\t\t\t\t\t\t\t\t\t\t\t<label for=\"form-field-message\" class=\"elementor-field-label\">\n\t\t\t\t\t\t\t\tViesti\t\t\t\t\t\t\t<\/label>\n\t\t\t\t\t\t<textarea class=\"elementor-field-textual elementor-field  elementor-size-sm\" name=\"form_fields[message]\" id=\"form-field-message\" rows=\"14\" required=\"required\"><\/textarea>\t\t\t\t<\/div>\n\t\t\t\t\t\t\t\t<div class=\"elementor-field-group elementor-column elementor-field-type-submit elementor-col-100 e-form__buttons\">\n\t\t\t\t\t<button class=\"elementor-button elementor-size-lg\" type=\"submit\">\n\t\t\t\t\t\t<span class=\"elementor-button-content-wrapper\">\n\t\t\t\t\t\t\t\t\t\t\t\t\t\t\t\t\t\t\t\t\t\t<span class=\"elementor-button-text\">L\u00e4het\u00e4 viesti<\/span>\n\t\t\t\t\t\t\t\t\t\t\t\t\t<\/span>\n\t\t\t\t\t<\/button>\n\t\t\t\t<\/div>\n\t\t\t<\/div>\n\t\t<\/form>\n\t\t\t\t\t\t<\/div>\n\t\t\t\t<\/div>\n\t\t\t\t\t<\/div>\n\t\t\t\t<\/div>\n\t\t<div class=\"elementor-element elementor-element-3a29ec0 e-flex e-con-boxed e-con e-parent\" data-id=\"3a29ec0\" data-element_type=\"container\" data-e-type=\"container\">\n\t\t\t\t\t<div class=\"e-con-inner\">\n\t\t\t\t<div class=\"elementor-element elementor-element-b68e824 elementor-widget elementor-widget-google_maps\" data-id=\"b68e824\" data-element_type=\"widget\" data-e-type=\"widget\" data-widget_type=\"google_maps.default\">\n\t\t\t\t<div class=\"elementor-widget-container\">\n\t\t\t\t\t\t\t<div class=\"elementor-custom-embed\">\n\t\t\t<iframe loading=\"lazy\"\n\t\t\t\t\tsrc=\"https:\/\/maps.google.com\/maps?q=Hiirolantie%20640b%2C%2041230%20Uurainen&#038;t=m&#038;z=9&#038;output=embed&#038;iwloc=near\"\n\t\t\t\t\ttitle=\"Hiirolantie 640b, 41230 Uurainen\"\n\t\t\t\t\taria-label=\"Hiirolantie 640b, 41230 Uurainen\"\n\t\t\t><\/iframe>\n\t\t<\/div>\n\t\t\t\t\t\t<\/div>\n\t\t\t\t<\/div>\n\t\t\t\t\t<\/div>\n\t\t\t\t<\/div>\n\t\t\t\t<\/div>\n\t\t","protected":false},"excerpt":{"rendered":"<p>Mandi Moisio Varaukset &amp; Markkinointi +358442523070 mandi@ilmatarlodge.fi Oskari Moisio Hallinto &amp; Talous +358504940203 oskari@ilmatarlodge.fi<\/p>","protected":false},"author":1,"featured_media":1268,"parent":0,"menu_order":0,"comment_status":"closed","ping_status":"closed","template":"","meta":{"footnotes":""},"class_list":["post-27","page","type-page","status-publish","has-post-thumbnail"],"yoast_head":"<!-- This site is optimized with the Yoast SEO plugin v27.4 - https:\/\/yoast.com\/product\/yoast-seo-wordpress\/ -->\n<title>Yhteystiedot - ILMATAR Airplane Lodge<\/title>\n<meta name=\"description\" content=\"Ota meihin yhteytt\u00e4 puhelimitse tai s\u00e4hk\u00f6postilla, jos sinulla on kysytt\u00e4v\u00e4\u00e4 tai tarvitset lis\u00e4tietoja lentokonemajoituksestamme.\" \/>\n<meta name=\"robots\" content=\"index, follow, max-snippet:-1, max-image-preview:large, max-video-preview:-1\" \/>\n<link rel=\"canonical\" href=\"https:\/\/ilmatarlodge.fi\/en\/contact\/\" \/>\n<meta property=\"og:locale\" content=\"en_US\" \/>\n<meta property=\"og:type\" content=\"article\" \/>\n<meta property=\"og:title\" content=\"Yhteystiedot - ILMATAR Airplane Lodge\" \/>\n<meta property=\"og:description\" content=\"Ota meihin yhteytt\u00e4 puhelimitse tai s\u00e4hk\u00f6postilla, jos sinulla on kysytt\u00e4v\u00e4\u00e4 tai tarvitset lis\u00e4tietoja lentokonemajoituksestamme.\" \/>\n<meta property=\"og:url\" content=\"https:\/\/ilmatarlodge.fi\/en\/contact\/\" \/>\n<meta property=\"og:site_name\" content=\"ILMATAR Airplane Lodge\" \/>\n<meta property=\"article:modified_time\" content=\"2024-09-04T17:33:52+00:00\" \/>\n<meta property=\"og:image\" content=\"https:\/\/ilmatarlodge.fi\/wp-content\/uploads\/ilmatar-airplane-lodge-sisaankaynti-1024x683.jpg\" \/>\n\t<meta property=\"og:image:width\" content=\"1024\" \/>\n\t<meta property=\"og:image:height\" content=\"683\" \/>\n\t<meta property=\"og:image:type\" content=\"image\/jpeg\" \/>\n<meta name=\"twitter:card\" content=\"summary_large_image\" \/>\n<meta name=\"twitter:label1\" content=\"Est. reading time\" \/>\n\t<meta name=\"twitter:data1\" content=\"1 minute\" \/>\n<script type=\"application\/ld+json\" class=\"yoast-schema-graph\">{\"@context\":\"https:\\\/\\\/schema.org\",\"@graph\":[{\"@type\":\"WebPage\",\"@id\":\"https:\\\/\\\/ilmatarlodge.fi\\\/yhteystiedot\\\/\",\"url\":\"https:\\\/\\\/ilmatarlodge.fi\\\/yhteystiedot\\\/\",\"name\":\"Yhteystiedot - ILMATAR Airplane Lodge\",\"isPartOf\":{\"@id\":\"https:\\\/\\\/ilmatarlodge.fi\\\/#website\"},\"primaryImageOfPage\":{\"@id\":\"https:\\\/\\\/ilmatarlodge.fi\\\/yhteystiedot\\\/#primaryimage\"},\"image\":{\"@id\":\"https:\\\/\\\/ilmatarlodge.fi\\\/yhteystiedot\\\/#primaryimage\"},\"thumbnailUrl\":\"https:\\\/\\\/ilmatarlodge.fi\\\/wp-content\\\/uploads\\\/ilmatar-airplane-lodge-sisaankaynti.jpg\",\"datePublished\":\"2024-05-31T14:33:08+00:00\",\"dateModified\":\"2024-09-04T17:33:52+00:00\",\"description\":\"Ota meihin yhteytt\u00e4 puhelimitse tai s\u00e4hk\u00f6postilla, jos sinulla on kysytt\u00e4v\u00e4\u00e4 tai tarvitset lis\u00e4tietoja lentokonemajoituksestamme.\",\"breadcrumb\":{\"@id\":\"https:\\\/\\\/ilmatarlodge.fi\\\/yhteystiedot\\\/#breadcrumb\"},\"inLanguage\":\"en-US\",\"potentialAction\":[{\"@type\":\"ReadAction\",\"target\":[\"https:\\\/\\\/ilmatarlodge.fi\\\/yhteystiedot\\\/\"]}]},{\"@type\":\"ImageObject\",\"inLanguage\":\"en-US\",\"@id\":\"https:\\\/\\\/ilmatarlodge.fi\\\/yhteystiedot\\\/#primaryimage\",\"url\":\"https:\\\/\\\/ilmatarlodge.fi\\\/wp-content\\\/uploads\\\/ilmatar-airplane-lodge-sisaankaynti.jpg\",\"contentUrl\":\"https:\\\/\\\/ilmatarlodge.fi\\\/wp-content\\\/uploads\\\/ilmatar-airplane-lodge-sisaankaynti.jpg\",\"width\":1920,\"height\":1280,\"caption\":\"\u00a9 Valtteri Vainio Photography\"},{\"@type\":\"BreadcrumbList\",\"@id\":\"https:\\\/\\\/ilmatarlodge.fi\\\/yhteystiedot\\\/#breadcrumb\",\"itemListElement\":[{\"@type\":\"ListItem\",\"position\":1,\"name\":\"Etusivu\",\"item\":\"https:\\\/\\\/ilmatarlodge.fi\\\/\"},{\"@type\":\"ListItem\",\"position\":2,\"name\":\"Yhteystiedot\"}]},{\"@type\":\"WebSite\",\"@id\":\"https:\\\/\\\/ilmatarlodge.fi\\\/#website\",\"url\":\"https:\\\/\\\/ilmatarlodge.fi\\\/\",\"name\":\"ILMATAR Airplane Lodge\",\"description\":\"Uniikki lentokonemajoitus keskell&auml; kauneinta suomalaista maaseutua\",\"publisher\":{\"@id\":\"https:\\\/\\\/ilmatarlodge.fi\\\/#organization\"},\"potentialAction\":[{\"@type\":\"SearchAction\",\"target\":{\"@type\":\"EntryPoint\",\"urlTemplate\":\"https:\\\/\\\/ilmatarlodge.fi\\\/?s={search_term_string}\"},\"query-input\":{\"@type\":\"PropertyValueSpecification\",\"valueRequired\":true,\"valueName\":\"search_term_string\"}}],\"inLanguage\":\"en-US\"},{\"@type\":\"Organization\",\"@id\":\"https:\\\/\\\/ilmatarlodge.fi\\\/#organization\",\"name\":\"ILMATAR Airplane Lodge\",\"url\":\"https:\\\/\\\/ilmatarlodge.fi\\\/\",\"logo\":{\"@type\":\"ImageObject\",\"inLanguage\":\"en-US\",\"@id\":\"https:\\\/\\\/ilmatarlodge.fi\\\/#\\\/schema\\\/logo\\\/image\\\/\",\"url\":\"https:\\\/\\\/ilmatarlodge.fi\\\/wp-content\\\/uploads\\\/ilmatarlodge-icon.svg\",\"contentUrl\":\"https:\\\/\\\/ilmatarlodge.fi\\\/wp-content\\\/uploads\\\/ilmatarlodge-icon.svg\",\"width\":1080,\"height\":1080,\"caption\":\"ILMATAR Airplane Lodge\"},\"image\":{\"@id\":\"https:\\\/\\\/ilmatarlodge.fi\\\/#\\\/schema\\\/logo\\\/image\\\/\"}}]}<\/script>\n<!-- \/ Yoast SEO plugin. -->","yoast_head_json":{"title":"Contact - ILMATAR Airplane Lodge","description":"Contact us by phone or email if you have any questions or need more information about our airplane accommodation.","robots":{"index":"index","follow":"follow","max-snippet":"max-snippet:-1","max-image-preview":"max-image-preview:large","max-video-preview":"max-video-preview:-1"},"canonical":"https:\/\/ilmatarlodge.fi\/en\/contact\/","og_locale":"en_US","og_type":"article","og_title":"Yhteystiedot - ILMATAR Airplane Lodge","og_description":"Ota meihin yhteytt\u00e4 puhelimitse tai s\u00e4hk\u00f6postilla, jos sinulla on kysytt\u00e4v\u00e4\u00e4 tai tarvitset lis\u00e4tietoja lentokonemajoituksestamme.","og_url":"https:\/\/ilmatarlodge.fi\/en\/contact\/","og_site_name":"ILMATAR Airplane Lodge","article_modified_time":"2024-09-04T17:33:52+00:00","og_image":[{"width":1024,"height":683,"url":"https:\/\/ilmatarlodge.fi\/wp-content\/uploads\/ilmatar-airplane-lodge-sisaankaynti-1024x683.jpg","type":"image\/jpeg"}],"twitter_card":"summary_large_image","twitter_misc":{"Est. reading time":"1 minute"},"schema":{"@context":"https:\/\/schema.org","@graph":[{"@type":"WebPage","@id":"https:\/\/ilmatarlodge.fi\/yhteystiedot\/","url":"https:\/\/ilmatarlodge.fi\/yhteystiedot\/","name":"Contact - ILMATAR Airplane Lodge","isPartOf":{"@id":"https:\/\/ilmatarlodge.fi\/#website"},"primaryImageOfPage":{"@id":"https:\/\/ilmatarlodge.fi\/yhteystiedot\/#primaryimage"},"image":{"@id":"https:\/\/ilmatarlodge.fi\/yhteystiedot\/#primaryimage"},"thumbnailUrl":"https:\/\/ilmatarlodge.fi\/wp-content\/uploads\/ilmatar-airplane-lodge-sisaankaynti.jpg","datePublished":"2024-05-31T14:33:08+00:00","dateModified":"2024-09-04T17:33:52+00:00","description":"Contact us by phone or email if you have any questions or need more information about our airplane accommodation.","breadcrumb":{"@id":"https:\/\/ilmatarlodge.fi\/yhteystiedot\/#breadcrumb"},"inLanguage":"en-US","potentialAction":[{"@type":"ReadAction","target":["https:\/\/ilmatarlodge.fi\/yhteystiedot\/"]}]},{"@type":"ImageObject","inLanguage":"en-US","@id":"https:\/\/ilmatarlodge.fi\/yhteystiedot\/#primaryimage","url":"https:\/\/ilmatarlodge.fi\/wp-content\/uploads\/ilmatar-airplane-lodge-sisaankaynti.jpg","contentUrl":"https:\/\/ilmatarlodge.fi\/wp-content\/uploads\/ilmatar-airplane-lodge-sisaankaynti.jpg","width":1920,"height":1280,"caption":"\u00a9 Valtteri Vainio Photography"},{"@type":"BreadcrumbList","@id":"https:\/\/ilmatarlodge.fi\/yhteystiedot\/#breadcrumb","itemListElement":[{"@type":"ListItem","position":1,"name":"Etusivu","item":"https:\/\/ilmatarlodge.fi\/"},{"@type":"ListItem","position":2,"name":"Yhteystiedot"}]},{"@type":"WebSite","@id":"https:\/\/ilmatarlodge.fi\/#website","url":"https:\/\/ilmatarlodge.fi\/","name":"ILMATAR Airplane Lodge","description":"Uniikki lentokonemajoitus keskell&auml; kauneinta suomalaista maaseutua","publisher":{"@id":"https:\/\/ilmatarlodge.fi\/#organization"},"potentialAction":[{"@type":"SearchAction","target":{"@type":"EntryPoint","urlTemplate":"https:\/\/ilmatarlodge.fi\/?s={search_term_string}"},"query-input":{"@type":"PropertyValueSpecification","valueRequired":true,"valueName":"search_term_string"}}],"inLanguage":"en-US"},{"@type":"Organization","@id":"https:\/\/ilmatarlodge.fi\/#organization","name":"ILMATAR Airplane Lodge","url":"https:\/\/ilmatarlodge.fi\/","logo":{"@type":"ImageObject","inLanguage":"en-US","@id":"https:\/\/ilmatarlodge.fi\/#\/schema\/logo\/image\/","url":"https:\/\/ilmatarlodge.fi\/wp-content\/uploads\/ilmatarlodge-icon.svg","contentUrl":"https:\/\/ilmatarlodge.fi\/wp-content\/uploads\/ilmatarlodge-icon.svg","width":1080,"height":1080,"caption":"ILMATAR Airplane Lodge"},"image":{"@id":"https:\/\/ilmatarlodge.fi\/#\/schema\/logo\/image\/"}}]}},"_links":{"self":[{"href":"https:\/\/ilmatarlodge.fi\/en\/wp-json\/wp\/v2\/pages\/27","targetHints":{"allow":["GET"]}}],"collection":[{"href":"https:\/\/ilmatarlodge.fi\/en\/wp-json\/wp\/v2\/pages"}],"about":[{"href":"https:\/\/ilmatarlodge.fi\/en\/wp-json\/wp\/v2\/types\/page"}],"author":[{"embeddable":true,"href":"https:\/\/ilmatarlodge.fi\/en\/wp-json\/wp\/v2\/users\/1"}],"replies":[{"embeddable":true,"href":"https:\/\/ilmatarlodge.fi\/en\/wp-json\/wp\/v2\/comments?post=27"}],"version-history":[{"count":50,"href":"https:\/\/ilmatarlodge.fi\/en\/wp-json\/wp\/v2\/pages\/27\/revisions"}],"predecessor-version":[{"id":1158,"href":"https:\/\/ilmatarlodge.fi\/en\/wp-json\/wp\/v2\/pages\/27\/revisions\/1158"}],"wp:featuredmedia":[{"embeddable":true,"href":"https:\/\/ilmatarlodge.fi\/en\/wp-json\/wp\/v2\/media\/1268"}],"wp:attachment":[{"href":"https:\/\/ilmatarlodge.fi\/en\/wp-json\/wp\/v2\/media?parent=27"}],"curies":[{"name":"wp","href":"https:\/\/api.w.org\/{rel}","templated":true}]}}