{"id":23,"date":"2024-05-31T14:28:29","date_gmt":"2024-05-31T14:28:29","guid":{"rendered":"https:\/\/ilmatarlodge.fi\/?page_id=23"},"modified":"2024-06-06T08:50:26","modified_gmt":"2024-06-06T08:50:26","slug":"privacy-policy","status":"publish","type":"page","link":"https:\/\/ilmatarlodge.fi\/en\/tietosuojaseloste\/","title":{"rendered":"Register &amp; Privacy Policy"},"content":{"rendered":"<div data-elementor-type=\"wp-page\" data-elementor-id=\"23\" class=\"elementor elementor-23\" data-elementor-post-type=\"page\">\n\t\t\t\t<div class=\"elementor-element elementor-element-5f3dbb7 e-flex e-con-boxed e-con e-parent\" data-id=\"5f3dbb7\" data-element_type=\"container\" data-e-type=\"container\">\n\t\t\t\t\t<div class=\"e-con-inner\">\n\t\t\t\t<div class=\"elementor-element elementor-element-7c3352e elementor-widget elementor-widget-text-editor\" data-id=\"7c3352e\" data-element_type=\"widget\" data-e-type=\"widget\" data-widget_type=\"text-editor.default\">\n\t\t\t\t<div class=\"elementor-widget-container\">\n\t\t\t\t\t\t\t\t\t<p>This is Jetset Crew Oy's registry and data protection statement in accordance with the EU's General Data Protection Regulation (GDPR). Prepared on 06\/06\/2024. Last change 06\/06\/2024.<\/p><h2>1. Registrar<\/h2><p>Jetset Crew Oy 3326859-9<\/p><p>Pirttim\u00e4entie 10, 41230 Uurainen<\/p><p>Contact: 044-2523070<\/p><p>info@nordicnights.fi<\/p><h2>2. Registered<\/h2><p>Customers, potential customers, suppliers and partners.\u00a0<\/p><h2>3. Legal basis and purpose of personal data processing<\/h2><p>Based on the law and regulation<\/p><p>\u2022 Citizenship (regulation EU 692\/2011), purchase data or their parts for accounting purposes (law 1336\/1997)<\/p><p>To protect the registrant<\/p><p>\u2022 Customer information related to reservations, such as name and contact information<br \/>\u2022 Language codes, information about fellow travelers or event participants (passenger card)<br \/>\u2022 Billing or other payment or payment method information<br \/>\u2022 Pricing basis, such as information about business customers or other price factors.<br \/>\u2022 Purchase information and information about reserved or used services<br \/>\u2022 Booked services, such as accommodation or activities<br \/>\u2022 Correspondence<br \/>\u2022 Marketing communications<\/p><p>The information is not used for automated decision-making or profiling.\u00a0<\/p><p>We only keep the personal data we collect for as long as the data can be considered necessary for the purposes described in this privacy policy, unless keeping the data longer than this is required by law or permitted by law.<\/p><h2>4. Data content of the register<\/h2><p>The information to be recorded in the register is:\u00a0<\/p><p>\u2022 Accommodation and program services, service production<br \/>\u2022 Customer identification<br \/>\u2022 Customer relationship management, customer consideration<br \/>\u2022 Customer communication related to reservations, contacting the customer<br \/>\u2022 Marketing communications<br \/>\u2022 Investigating disturbance situations and informing about them<br \/>\u2022 Customer service development, research related to service development<br \/>\u2022 Safeguarding the rights of the parties and ensuring the correctness of the service<\/p><p>IP addresses of website visitors and cookies necessary for the service's functions are processed based on legitimate interest, e.g., to ensure information security and collect statistical data of website visitors in cases when they can be considered personal data. If necessary, consent is requested separately for third-party cookies.<\/p><h2>5. Registered information<\/h2><p>The customer register contains the following information:<\/p><p>\u2022 Customer data<br \/>\u2022 Information about purchased products\/services<\/p><h2>6. Regular transfers of data and transfer of data outside the EU or EEA<\/h2><p>Information is not regularly disclosed to other parties. Information can be published to the extent agreed with the customer.<\/p><p>The controller can also transfer data outside the EU or EEA. However, data will not be transferred to the United States without the express consent of the data subjects.<\/p><h2>7. Data security of the register<\/h2><p>Care is taken when processing the register, and the information processed with the help of information systems is properly protected. When register data is stored on Internet servers, the physical and digital data security of their hardware is taken care of accordingly. The registrar ensures that stored data as well as server access rights and other data critical to the security of personal data are handled confidentially and only by those employees whose job description it is.<\/p><h2>8. Right of inspection and right to demand correction of information<\/h2><p>Every person in the register has the right to check their information stored in the register and demand the correction of any incorrect information or the completion of incomplete information. If a person wants to check the information stored about him or demand correction, the request must be sent in writing to the controller. If necessary, the registrar can ask the requester to prove his identity. The controller responds to the customer within the time stipulated in the EU data protection regulation (generally within a month).<\/p><h2>9. Other rights related to the processing of personal data<\/h2><p>A person in the register has the right to request the removal of personal data about him from the register (\"right to be forgotten\"). Those registered also have others\u00a0<a href=\"https:\/\/eur-lex.europa.eu\/legal-content\/FI\/TXT\/?uri=CELEX%3A32016R0679#d1e2144-1-1\" target=\"_blank\" rel=\"noopener\">rights according to the EU General Data Protection Regulation<\/a>\u00a0kuten henkil\u00f6tietojen k\u00e4sittelyn rajoittaminen tietyiss\u00e4 tilanteissa. Pyynn\u00f6t tulee\u00a0l\u00e4hett\u00e4\u00e4 kirjallisesti\u00a0rekisterinpit\u00e4j\u00e4lle. Rekisterinpit\u00e4j\u00e4 voi pyyt\u00e4\u00e4 tarvittaessa pyynn\u00f6n esitt\u00e4j\u00e4\u00e4 todistamaan henkil\u00f6llisyytens\u00e4. Rekisterinpit\u00e4j\u00e4 vastaa asiakkaalle EU:n tietosuoja-asetuksessa s\u00e4\u00e4detyss\u00e4 ajassa (p\u00e4\u00e4s\u00e4\u00e4nt\u00f6isesti kuukauden kuluessa).<\/p>\t\t\t\t\t\t\t\t<\/div>\n\t\t\t\t<\/div>\n\t\t\t\t\t<\/div>\n\t\t\t\t<\/div>\n\t\t\t\t<\/div>","protected":false},"excerpt":{"rendered":"<p>T\u00e4m\u00e4 on\u00a0Jetset Crew Oy\u00a0EU:n yleisen tietosuoja-asetuksen (GDPR) mukainen rekisteri- ja tietosuojaseloste. Laadittu\u00a006.06.2024. Viimeisin muutos\u00a006.06.2024. 1. Rekisterinpit\u00e4j\u00e4 Jetset Crew Oy 3326859-9 Pirttim\u00e4entie 10, 41230 Uurainen Yhteystiedot: 044-2523070 info@nordicnights.fi 2. Rekister\u00f6idyt Asiakkaat, potentiaaliset asiakkaat, tavarantoimittajat ja yhteisty\u00f6kumppanit.\u00a0 3. Oikeusperuste ja henkil\u00f6tietojen k\u00e4sittelyn tarkoitus Lakiin ja asetukseen perustuvat \u2022 Kansalaisuus (asetus EU 692\/2011), ostotiedot tai niiden osat kirjanpitoa &#8230; <a title=\"Register &amp; Privacy Policy\" class=\"read-more\" href=\"https:\/\/ilmatarlodge.fi\/en\/tietosuojaseloste\/\" aria-label=\"Read more about Rekisteri- ja Tietosuojaseloste\">Read more<\/a><\/p>","protected":false},"author":1,"featured_media":0,"parent":0,"menu_order":0,"comment_status":"closed","ping_status":"closed","template":"","meta":{"footnotes":""},"class_list":["post-23","page","type-page","status-publish"],"yoast_head":"<!-- This site is optimized with the Yoast SEO plugin v27.4 - https:\/\/yoast.com\/product\/yoast-seo-wordpress\/ -->\n<title>Tietosuojaseloste - ILMATAR Airplane Lodge<\/title>\n<meta name=\"description\" content=\"Tietosuojasi on meille t\u00e4rke\u00e4\u00e4. Lentokonemajoituksen tietosuojaselosteessa kerromme, miten k\u00e4sittelemme ja suojaamme henkil\u00f6tietojasi.\" \/>\n<meta name=\"robots\" content=\"index, follow, max-snippet:-1, max-image-preview:large, max-video-preview:-1\" \/>\n<link rel=\"canonical\" href=\"https:\/\/ilmatarlodge.fi\/en\/privacy-policy\/\" \/>\n<meta property=\"og:locale\" content=\"en_US\" \/>\n<meta property=\"og:type\" content=\"article\" \/>\n<meta property=\"og:title\" content=\"Tietosuojaseloste - ILMATAR Airplane Lodge\" \/>\n<meta property=\"og:description\" content=\"Tietosuojasi on meille t\u00e4rke\u00e4\u00e4. Lentokonemajoituksen tietosuojaselosteessa kerromme, miten k\u00e4sittelemme ja suojaamme henkil\u00f6tietojasi.\" \/>\n<meta property=\"og:url\" content=\"https:\/\/ilmatarlodge.fi\/en\/privacy-policy\/\" \/>\n<meta property=\"og:site_name\" content=\"ILMATAR Airplane Lodge\" \/>\n<meta property=\"article:modified_time\" content=\"2024-06-06T08:50:26+00:00\" \/>\n<meta name=\"twitter:card\" content=\"summary_large_image\" \/>\n<meta name=\"twitter:label1\" content=\"Est. reading time\" \/>\n\t<meta name=\"twitter:data1\" content=\"3 minutes\" \/>\n<script type=\"application\/ld+json\" class=\"yoast-schema-graph\">{\"@context\":\"https:\\\/\\\/schema.org\",\"@graph\":[{\"@type\":\"WebPage\",\"@id\":\"https:\\\/\\\/ilmatarlodge.fi\\\/tietosuojaseloste\\\/\",\"url\":\"https:\\\/\\\/ilmatarlodge.fi\\\/tietosuojaseloste\\\/\",\"name\":\"Tietosuojaseloste - ILMATAR Airplane Lodge\",\"isPartOf\":{\"@id\":\"https:\\\/\\\/ilmatarlodge.fi\\\/#website\"},\"datePublished\":\"2024-05-31T14:28:29+00:00\",\"dateModified\":\"2024-06-06T08:50:26+00:00\",\"description\":\"Tietosuojasi on meille t\u00e4rke\u00e4\u00e4. Lentokonemajoituksen tietosuojaselosteessa kerromme, miten k\u00e4sittelemme ja suojaamme henkil\u00f6tietojasi.\",\"breadcrumb\":{\"@id\":\"https:\\\/\\\/ilmatarlodge.fi\\\/tietosuojaseloste\\\/#breadcrumb\"},\"inLanguage\":\"en-US\",\"potentialAction\":[{\"@type\":\"ReadAction\",\"target\":[\"https:\\\/\\\/ilmatarlodge.fi\\\/tietosuojaseloste\\\/\"]}]},{\"@type\":\"BreadcrumbList\",\"@id\":\"https:\\\/\\\/ilmatarlodge.fi\\\/tietosuojaseloste\\\/#breadcrumb\",\"itemListElement\":[{\"@type\":\"ListItem\",\"position\":1,\"name\":\"Etusivu\",\"item\":\"https:\\\/\\\/ilmatarlodge.fi\\\/\"},{\"@type\":\"ListItem\",\"position\":2,\"name\":\"Rekisteri- ja Tietosuojaseloste\"}]},{\"@type\":\"WebSite\",\"@id\":\"https:\\\/\\\/ilmatarlodge.fi\\\/#website\",\"url\":\"https:\\\/\\\/ilmatarlodge.fi\\\/\",\"name\":\"ILMATAR Airplane Lodge\",\"description\":\"Uniikki lentokonemajoitus keskell&auml; kauneinta suomalaista maaseutua\",\"publisher\":{\"@id\":\"https:\\\/\\\/ilmatarlodge.fi\\\/#organization\"},\"potentialAction\":[{\"@type\":\"SearchAction\",\"target\":{\"@type\":\"EntryPoint\",\"urlTemplate\":\"https:\\\/\\\/ilmatarlodge.fi\\\/?s={search_term_string}\"},\"query-input\":{\"@type\":\"PropertyValueSpecification\",\"valueRequired\":true,\"valueName\":\"search_term_string\"}}],\"inLanguage\":\"en-US\"},{\"@type\":\"Organization\",\"@id\":\"https:\\\/\\\/ilmatarlodge.fi\\\/#organization\",\"name\":\"ILMATAR Airplane Lodge\",\"url\":\"https:\\\/\\\/ilmatarlodge.fi\\\/\",\"logo\":{\"@type\":\"ImageObject\",\"inLanguage\":\"en-US\",\"@id\":\"https:\\\/\\\/ilmatarlodge.fi\\\/#\\\/schema\\\/logo\\\/image\\\/\",\"url\":\"https:\\\/\\\/ilmatarlodge.fi\\\/wp-content\\\/uploads\\\/ilmatarlodge-icon.svg\",\"contentUrl\":\"https:\\\/\\\/ilmatarlodge.fi\\\/wp-content\\\/uploads\\\/ilmatarlodge-icon.svg\",\"width\":1080,\"height\":1080,\"caption\":\"ILMATAR Airplane Lodge\"},\"image\":{\"@id\":\"https:\\\/\\\/ilmatarlodge.fi\\\/#\\\/schema\\\/logo\\\/image\\\/\"}}]}<\/script>\n<!-- \/ Yoast SEO plugin. -->","yoast_head_json":{"title":"Privacy Policy - ILMATAR Airplane Lodge","description":"Your privacy is important to us. In the privacy policy of airplane accommodation, we explain how we process and protect your personal data.","robots":{"index":"index","follow":"follow","max-snippet":"max-snippet:-1","max-image-preview":"max-image-preview:large","max-video-preview":"max-video-preview:-1"},"canonical":"https:\/\/ilmatarlodge.fi\/en\/privacy-policy\/","og_locale":"en_US","og_type":"article","og_title":"Tietosuojaseloste - ILMATAR Airplane Lodge","og_description":"Tietosuojasi on meille t\u00e4rke\u00e4\u00e4. Lentokonemajoituksen tietosuojaselosteessa kerromme, miten k\u00e4sittelemme ja suojaamme henkil\u00f6tietojasi.","og_url":"https:\/\/ilmatarlodge.fi\/en\/privacy-policy\/","og_site_name":"ILMATAR Airplane Lodge","article_modified_time":"2024-06-06T08:50:26+00:00","twitter_card":"summary_large_image","twitter_misc":{"Est. reading time":"3 minutes"},"schema":{"@context":"https:\/\/schema.org","@graph":[{"@type":"WebPage","@id":"https:\/\/ilmatarlodge.fi\/tietosuojaseloste\/","url":"https:\/\/ilmatarlodge.fi\/tietosuojaseloste\/","name":"Privacy Policy - ILMATAR Airplane Lodge","isPartOf":{"@id":"https:\/\/ilmatarlodge.fi\/#website"},"datePublished":"2024-05-31T14:28:29+00:00","dateModified":"2024-06-06T08:50:26+00:00","description":"Your privacy is important to us. In the privacy policy of airplane accommodation, we explain how we process and protect your personal data.","breadcrumb":{"@id":"https:\/\/ilmatarlodge.fi\/tietosuojaseloste\/#breadcrumb"},"inLanguage":"en-US","potentialAction":[{"@type":"ReadAction","target":["https:\/\/ilmatarlodge.fi\/tietosuojaseloste\/"]}]},{"@type":"BreadcrumbList","@id":"https:\/\/ilmatarlodge.fi\/tietosuojaseloste\/#breadcrumb","itemListElement":[{"@type":"ListItem","position":1,"name":"Etusivu","item":"https:\/\/ilmatarlodge.fi\/"},{"@type":"ListItem","position":2,"name":"Rekisteri- ja Tietosuojaseloste"}]},{"@type":"WebSite","@id":"https:\/\/ilmatarlodge.fi\/#website","url":"https:\/\/ilmatarlodge.fi\/","name":"ILMATAR Airplane Lodge","description":"Uniikki lentokonemajoitus keskell&auml; kauneinta suomalaista maaseutua","publisher":{"@id":"https:\/\/ilmatarlodge.fi\/#organization"},"potentialAction":[{"@type":"SearchAction","target":{"@type":"EntryPoint","urlTemplate":"https:\/\/ilmatarlodge.fi\/?s={search_term_string}"},"query-input":{"@type":"PropertyValueSpecification","valueRequired":true,"valueName":"search_term_string"}}],"inLanguage":"en-US"},{"@type":"Organization","@id":"https:\/\/ilmatarlodge.fi\/#organization","name":"ILMATAR Airplane Lodge","url":"https:\/\/ilmatarlodge.fi\/","logo":{"@type":"ImageObject","inLanguage":"en-US","@id":"https:\/\/ilmatarlodge.fi\/#\/schema\/logo\/image\/","url":"https:\/\/ilmatarlodge.fi\/wp-content\/uploads\/ilmatarlodge-icon.svg","contentUrl":"https:\/\/ilmatarlodge.fi\/wp-content\/uploads\/ilmatarlodge-icon.svg","width":1080,"height":1080,"caption":"ILMATAR Airplane Lodge"},"image":{"@id":"https:\/\/ilmatarlodge.fi\/#\/schema\/logo\/image\/"}}]}},"_links":{"self":[{"href":"https:\/\/ilmatarlodge.fi\/en\/wp-json\/wp\/v2\/pages\/23","targetHints":{"allow":["GET"]}}],"collection":[{"href":"https:\/\/ilmatarlodge.fi\/en\/wp-json\/wp\/v2\/pages"}],"about":[{"href":"https:\/\/ilmatarlodge.fi\/en\/wp-json\/wp\/v2\/types\/page"}],"author":[{"embeddable":true,"href":"https:\/\/ilmatarlodge.fi\/en\/wp-json\/wp\/v2\/users\/1"}],"replies":[{"embeddable":true,"href":"https:\/\/ilmatarlodge.fi\/en\/wp-json\/wp\/v2\/comments?post=23"}],"version-history":[{"count":9,"href":"https:\/\/ilmatarlodge.fi\/en\/wp-json\/wp\/v2\/pages\/23\/revisions"}],"predecessor-version":[{"id":1001,"href":"https:\/\/ilmatarlodge.fi\/en\/wp-json\/wp\/v2\/pages\/23\/revisions\/1001"}],"wp:attachment":[{"href":"https:\/\/ilmatarlodge.fi\/en\/wp-json\/wp\/v2\/media?parent=23"}],"curies":[{"name":"wp","href":"https:\/\/api.w.org\/{rel}","templated":true}]}}