{"id":1682,"date":"2025-11-25T16:04:29","date_gmt":"2025-11-25T16:04:29","guid":{"rendered":"https:\/\/ilmatarlodge.fi\/?page_id=1682"},"modified":"2025-11-25T17:02:57","modified_gmt":"2025-11-25T17:02:57","slug":"nature-and-creativity-painting-evenings","status":"publish","type":"page","link":"https:\/\/ilmatarlodge.fi\/en\/nae-ja-koe\/luonto-ja-luovuus-maalausillat\/","title":{"rendered":"Nature &amp; Creativity \u2013 Painting Evenings"},"content":{"rendered":"<div data-elementor-type=\"wp-page\" data-elementor-id=\"1682\" class=\"elementor elementor-1682\" data-elementor-post-type=\"page\">\n\t\t\t\t<div class=\"elementor-element elementor-element-31ddcb2 e-flex e-con-boxed e-con e-parent\" data-id=\"31ddcb2\" data-element_type=\"container\" data-e-type=\"container\">\n\t\t\t\t\t<div class=\"e-con-inner\">\n\t\t<div class=\"elementor-element elementor-element-07150c9 e-con-full e-flex e-con e-child\" data-id=\"07150c9\" data-element_type=\"container\" data-e-type=\"container\">\n\t\t\t\t<div class=\"elementor-element elementor-element-a9fa6f6 elementor-widget elementor-widget-image\" data-id=\"a9fa6f6\" data-element_type=\"widget\" data-e-type=\"widget\" data-widget_type=\"image.default\">\n\t\t\t\t<div class=\"elementor-widget-container\">\n\t\t\t\t\t\t\t\t\t\t\t\t\t\t\t<img fetchpriority=\"high\" decoding=\"async\" width=\"768\" height=\"1364\" src=\"https:\/\/ilmatarlodge.fi\/wp-content\/uploads\/20250603_193655-1-768x1364.jpg\" class=\"attachment-medium_large size-medium_large wp-image-1686\" alt=\"luonto ja luovuus -maalausillat\" srcset=\"https:\/\/ilmatarlodge.fi\/wp-content\/uploads\/20250603_193655-1-768x1364.jpg 768w, https:\/\/ilmatarlodge.fi\/wp-content\/uploads\/20250603_193655-1-169x300.jpg 169w, https:\/\/ilmatarlodge.fi\/wp-content\/uploads\/20250603_193655-1-577x1024.jpg 577w, https:\/\/ilmatarlodge.fi\/wp-content\/uploads\/20250603_193655-1-84x150.jpg 84w, https:\/\/ilmatarlodge.fi\/wp-content\/uploads\/20250603_193655-1-865x1536.jpg 865w, https:\/\/ilmatarlodge.fi\/wp-content\/uploads\/20250603_193655-1-1153x2048.jpg 1153w, https:\/\/ilmatarlodge.fi\/wp-content\/uploads\/20250603_193655-1-7x12.jpg 7w, https:\/\/ilmatarlodge.fi\/wp-content\/uploads\/20250603_193655-1-scaled.jpg 1441w\" sizes=\"(max-width: 768px) 100vw, 768px\" \/>\t\t\t\t\t\t\t\t\t\t\t\t\t\t\t<\/div>\n\t\t\t\t<\/div>\n\t\t\t\t<\/div>\n\t\t<div class=\"elementor-element elementor-element-30558c0 e-con-full e-flex e-con e-child\" data-id=\"30558c0\" data-element_type=\"container\" data-e-type=\"container\">\n\t\t\t\t<div class=\"elementor-element elementor-element-fea7088 elementor-widget elementor-widget-text-editor\" data-id=\"fea7088\" data-element_type=\"widget\" data-e-type=\"widget\" data-widget_type=\"text-editor.default\">\n\t\t\t\t<div class=\"elementor-widget-container\">\n\t\t\t\t\t\t\t\t\t<p>A unique combination of art, atmosphere, and experience.<\/p><p>The evening includes a guided 2-hour painting session where you can find inspiration and create art together. It\u2019s a relaxed and easy activity suitable for everyone.\u00a0<\/p><p>Upon arrival, we welcome you with a bubbly drink, and during the painting session you can enjoy delicious snacks and non-alcoholic beverages.\u00a0<\/p><p>Once the paintings are finished, you can unwind in two warm saunas \u2013 one of which is located inside the airplane itself. Bringing your own drinks is allowed.<\/p>\t\t\t\t\t\t\t\t<\/div>\n\t\t\t\t<\/div>\n\t\t\t\t<\/div>\n\t\t\t\t\t<\/div>\n\t\t\t\t<\/div>\n\t\t<div class=\"elementor-element elementor-element-b16c761 e-flex e-con-boxed e-con e-parent\" data-id=\"b16c761\" data-element_type=\"container\" data-e-type=\"container\">\n\t\t\t\t\t<div class=\"e-con-inner\">\n\t\t\t\t<div class=\"elementor-element elementor-element-0c58bad elementor-align-justify elementor-widget elementor-widget-button\" data-id=\"0c58bad\" data-element_type=\"widget\" data-e-type=\"widget\" data-widget_type=\"button.default\">\n\t\t\t\t<div class=\"elementor-widget-container\">\n\t\t\t\t\t\t\t\t\t<div class=\"elementor-button-wrapper\">\n\t\t\t\t\t<a class=\"elementor-button elementor-button-link elementor-size-sm\" href=\"https:\/\/efektimaalaus.skelteri.fi\/luonto-luovuus-maalausilta\/\">\n\t\t\t\t\t\t<span class=\"elementor-button-content-wrapper\">\n\t\t\t\t\t\t\t\t\t<span class=\"elementor-button-text\">Contact us and request a quote<\/span>\n\t\t\t\t\t<\/span>\n\t\t\t\t\t<\/a>\n\t\t\t\t<\/div>\n\t\t\t\t\t\t\t\t<\/div>\n\t\t\t\t<\/div>\n\t\t\t\t\t<\/div>\n\t\t\t\t<\/div>\n\t\t\t\t<\/div>","protected":false},"excerpt":{"rendered":"<p>Ainutlaatuinen yhdistelm\u00e4 taidetta, tunnelmaa ja el\u00e4myksi\u00e4 Ilta sis\u00e4lt\u00e4\u00e4 ohjatun 2 tunnin maalaussession, jossa p\u00e4\u00e4sette inspiroitumaan ja luomaan taidetta yhdess\u00e4. Kyseess\u00e4 on rento ja helppo el\u00e4mys, joka sopii kaikille.\u00a0 Saapuessanne kohotamme alkumaljan, ja maalauksen lomassa tarjolla on herkullista naposteltavaa sek\u00e4 alkoholitonta juotavaa.\u00a0 Maalausten valmistuttua voitte rentoutua kahdessa l\u00e4mpim\u00e4ss\u00e4 saunassa, joista toinen sijaitsee itse lentokoneessa. Omat juomat &#8230; <a title=\"Luonto &amp; Luovuus -maalausillat\" class=\"read-more\" href=\"https:\/\/ilmatarlodge.fi\/en\/nae-ja-koe\/luonto-ja-luovuus-maalausillat\/\" aria-label=\"Read more about Luonto &amp; Luovuus -maalausillat\">Read more<\/a><\/p>","protected":false},"author":1,"featured_media":0,"parent":31,"menu_order":0,"comment_status":"closed","ping_status":"closed","template":"","meta":{"footnotes":""},"class_list":["post-1682","page","type-page","status-publish"],"yoast_head":"<!-- This site is optimized with the Yoast SEO plugin v27.5 - https:\/\/yoast.com\/product\/yoast-seo-wordpress\/ -->\n<title>Luonto &amp; Luovuus -maalausillat - ILMATAR Airplane Lodge<\/title>\n<meta name=\"robots\" content=\"index, follow, max-snippet:-1, max-image-preview:large, max-video-preview:-1\" \/>\n<link rel=\"canonical\" href=\"https:\/\/ilmatarlodge.fi\/en\/activities\/nature-and-creativity-painting-evenings\/\" \/>\n<meta property=\"og:locale\" content=\"en_US\" \/>\n<meta property=\"og:type\" content=\"article\" \/>\n<meta property=\"og:title\" content=\"Luonto &amp; Luovuus -maalausillat - ILMATAR Airplane Lodge\" \/>\n<meta property=\"og:description\" content=\"Ainutlaatuinen yhdistelm\u00e4 taidetta, tunnelmaa ja el\u00e4myksi\u00e4 Ilta sis\u00e4lt\u00e4\u00e4 ohjatun 2 tunnin maalaussession, jossa p\u00e4\u00e4sette inspiroitumaan ja luomaan taidetta yhdess\u00e4. Kyseess\u00e4 on rento ja helppo el\u00e4mys, joka sopii kaikille.\u00a0 Saapuessanne kohotamme alkumaljan, ja maalauksen lomassa tarjolla on herkullista naposteltavaa sek\u00e4 alkoholitonta juotavaa.\u00a0 Maalausten valmistuttua voitte rentoutua kahdessa l\u00e4mpim\u00e4ss\u00e4 saunassa, joista toinen sijaitsee itse lentokoneessa. Omat juomat ... Read more\" \/>\n<meta property=\"og:url\" content=\"https:\/\/ilmatarlodge.fi\/en\/activities\/nature-and-creativity-painting-evenings\/\" \/>\n<meta property=\"og:site_name\" content=\"ILMATAR Airplane Lodge\" \/>\n<meta property=\"article:modified_time\" content=\"2025-11-25T17:02:57+00:00\" \/>\n<meta property=\"og:image\" content=\"https:\/\/ilmatarlodge.fi\/wp-content\/uploads\/20250603_193655-1-scaled.jpg\" \/>\n\t<meta property=\"og:image:width\" content=\"1441\" \/>\n\t<meta property=\"og:image:height\" content=\"2560\" \/>\n\t<meta property=\"og:image:type\" content=\"image\/jpeg\" \/>\n<meta name=\"twitter:card\" content=\"summary_large_image\" \/>\n<meta name=\"twitter:label1\" content=\"Est. reading time\" \/>\n\t<meta name=\"twitter:data1\" content=\"1 minute\" \/>\n<script type=\"application\/ld+json\" class=\"yoast-schema-graph\">{\"@context\":\"https:\\\/\\\/schema.org\",\"@graph\":[{\"@type\":\"WebPage\",\"@id\":\"https:\\\/\\\/ilmatarlodge.fi\\\/nae-ja-koe\\\/luonto-ja-luovuus-maalausillat\\\/\",\"url\":\"https:\\\/\\\/ilmatarlodge.fi\\\/nae-ja-koe\\\/luonto-ja-luovuus-maalausillat\\\/\",\"name\":\"Luonto &amp; Luovuus -maalausillat - ILMATAR Airplane Lodge\",\"isPartOf\":{\"@id\":\"https:\\\/\\\/ilmatarlodge.fi\\\/#website\"},\"primaryImageOfPage\":{\"@id\":\"https:\\\/\\\/ilmatarlodge.fi\\\/nae-ja-koe\\\/luonto-ja-luovuus-maalausillat\\\/#primaryimage\"},\"image\":{\"@id\":\"https:\\\/\\\/ilmatarlodge.fi\\\/nae-ja-koe\\\/luonto-ja-luovuus-maalausillat\\\/#primaryimage\"},\"thumbnailUrl\":\"https:\\\/\\\/ilmatarlodge.fi\\\/wp-content\\\/uploads\\\/20250603_193655-1-768x1364.jpg\",\"datePublished\":\"2025-11-25T16:04:29+00:00\",\"dateModified\":\"2025-11-25T17:02:57+00:00\",\"breadcrumb\":{\"@id\":\"https:\\\/\\\/ilmatarlodge.fi\\\/nae-ja-koe\\\/luonto-ja-luovuus-maalausillat\\\/#breadcrumb\"},\"inLanguage\":\"en-US\",\"potentialAction\":[{\"@type\":\"ReadAction\",\"target\":[\"https:\\\/\\\/ilmatarlodge.fi\\\/nae-ja-koe\\\/luonto-ja-luovuus-maalausillat\\\/\"]}]},{\"@type\":\"ImageObject\",\"inLanguage\":\"en-US\",\"@id\":\"https:\\\/\\\/ilmatarlodge.fi\\\/nae-ja-koe\\\/luonto-ja-luovuus-maalausillat\\\/#primaryimage\",\"url\":\"https:\\\/\\\/ilmatarlodge.fi\\\/wp-content\\\/uploads\\\/20250603_193655-1-768x1364.jpg\",\"contentUrl\":\"https:\\\/\\\/ilmatarlodge.fi\\\/wp-content\\\/uploads\\\/20250603_193655-1-768x1364.jpg\"},{\"@type\":\"BreadcrumbList\",\"@id\":\"https:\\\/\\\/ilmatarlodge.fi\\\/nae-ja-koe\\\/luonto-ja-luovuus-maalausillat\\\/#breadcrumb\",\"itemListElement\":[{\"@type\":\"ListItem\",\"position\":1,\"name\":\"Etusivu\",\"item\":\"https:\\\/\\\/ilmatarlodge.fi\\\/\"},{\"@type\":\"ListItem\",\"position\":2,\"name\":\"N\u00e4e &amp; Koe\",\"item\":\"https:\\\/\\\/ilmatarlodge.fi\\\/nae-ja-koe\\\/\"},{\"@type\":\"ListItem\",\"position\":3,\"name\":\"Luonto &amp; Luovuus -maalausillat\"}]},{\"@type\":\"WebSite\",\"@id\":\"https:\\\/\\\/ilmatarlodge.fi\\\/#website\",\"url\":\"https:\\\/\\\/ilmatarlodge.fi\\\/\",\"name\":\"ILMATAR Airplane Lodge\",\"description\":\"Uniikki lentokonemajoitus keskell&auml; kauneinta suomalaista maaseutua\",\"publisher\":{\"@id\":\"https:\\\/\\\/ilmatarlodge.fi\\\/#organization\"},\"potentialAction\":[{\"@type\":\"SearchAction\",\"target\":{\"@type\":\"EntryPoint\",\"urlTemplate\":\"https:\\\/\\\/ilmatarlodge.fi\\\/?s={search_term_string}\"},\"query-input\":{\"@type\":\"PropertyValueSpecification\",\"valueRequired\":true,\"valueName\":\"search_term_string\"}}],\"inLanguage\":\"en-US\"},{\"@type\":\"Organization\",\"@id\":\"https:\\\/\\\/ilmatarlodge.fi\\\/#organization\",\"name\":\"ILMATAR Airplane Lodge\",\"url\":\"https:\\\/\\\/ilmatarlodge.fi\\\/\",\"logo\":{\"@type\":\"ImageObject\",\"inLanguage\":\"en-US\",\"@id\":\"https:\\\/\\\/ilmatarlodge.fi\\\/#\\\/schema\\\/logo\\\/image\\\/\",\"url\":\"https:\\\/\\\/ilmatarlodge.fi\\\/wp-content\\\/uploads\\\/ilmatarlodge-icon.svg\",\"contentUrl\":\"https:\\\/\\\/ilmatarlodge.fi\\\/wp-content\\\/uploads\\\/ilmatarlodge-icon.svg\",\"width\":1080,\"height\":1080,\"caption\":\"ILMATAR Airplane Lodge\"},\"image\":{\"@id\":\"https:\\\/\\\/ilmatarlodge.fi\\\/#\\\/schema\\\/logo\\\/image\\\/\"}}]}<\/script>\n<!-- \/ Yoast SEO plugin. -->","yoast_head_json":{"title":"Luonto &amp; Luovuus -maalausillat - ILMATAR Airplane Lodge","robots":{"index":"index","follow":"follow","max-snippet":"max-snippet:-1","max-image-preview":"max-image-preview:large","max-video-preview":"max-video-preview:-1"},"canonical":"https:\/\/ilmatarlodge.fi\/en\/activities\/nature-and-creativity-painting-evenings\/","og_locale":"en_US","og_type":"article","og_title":"Luonto &amp; Luovuus -maalausillat - ILMATAR Airplane Lodge","og_description":"Ainutlaatuinen yhdistelm\u00e4 taidetta, tunnelmaa ja el\u00e4myksi\u00e4 Ilta sis\u00e4lt\u00e4\u00e4 ohjatun 2 tunnin maalaussession, jossa p\u00e4\u00e4sette inspiroitumaan ja luomaan taidetta yhdess\u00e4. Kyseess\u00e4 on rento ja helppo el\u00e4mys, joka sopii kaikille.\u00a0 Saapuessanne kohotamme alkumaljan, ja maalauksen lomassa tarjolla on herkullista naposteltavaa sek\u00e4 alkoholitonta juotavaa.\u00a0 Maalausten valmistuttua voitte rentoutua kahdessa l\u00e4mpim\u00e4ss\u00e4 saunassa, joista toinen sijaitsee itse lentokoneessa. Omat juomat ... Read more","og_url":"https:\/\/ilmatarlodge.fi\/en\/activities\/nature-and-creativity-painting-evenings\/","og_site_name":"ILMATAR Airplane Lodge","article_modified_time":"2025-11-25T17:02:57+00:00","og_image":[{"width":1441,"height":2560,"url":"https:\/\/ilmatarlodge.fi\/wp-content\/uploads\/20250603_193655-1-scaled.jpg","type":"image\/jpeg"}],"twitter_card":"summary_large_image","twitter_misc":{"Est. reading time":"1 minute"},"schema":{"@context":"https:\/\/schema.org","@graph":[{"@type":"WebPage","@id":"https:\/\/ilmatarlodge.fi\/nae-ja-koe\/luonto-ja-luovuus-maalausillat\/","url":"https:\/\/ilmatarlodge.fi\/nae-ja-koe\/luonto-ja-luovuus-maalausillat\/","name":"Luonto &amp; Luovuus -maalausillat - ILMATAR Airplane Lodge","isPartOf":{"@id":"https:\/\/ilmatarlodge.fi\/#website"},"primaryImageOfPage":{"@id":"https:\/\/ilmatarlodge.fi\/nae-ja-koe\/luonto-ja-luovuus-maalausillat\/#primaryimage"},"image":{"@id":"https:\/\/ilmatarlodge.fi\/nae-ja-koe\/luonto-ja-luovuus-maalausillat\/#primaryimage"},"thumbnailUrl":"https:\/\/ilmatarlodge.fi\/wp-content\/uploads\/20250603_193655-1-768x1364.jpg","datePublished":"2025-11-25T16:04:29+00:00","dateModified":"2025-11-25T17:02:57+00:00","breadcrumb":{"@id":"https:\/\/ilmatarlodge.fi\/nae-ja-koe\/luonto-ja-luovuus-maalausillat\/#breadcrumb"},"inLanguage":"en-US","potentialAction":[{"@type":"ReadAction","target":["https:\/\/ilmatarlodge.fi\/nae-ja-koe\/luonto-ja-luovuus-maalausillat\/"]}]},{"@type":"ImageObject","inLanguage":"en-US","@id":"https:\/\/ilmatarlodge.fi\/nae-ja-koe\/luonto-ja-luovuus-maalausillat\/#primaryimage","url":"https:\/\/ilmatarlodge.fi\/wp-content\/uploads\/20250603_193655-1-768x1364.jpg","contentUrl":"https:\/\/ilmatarlodge.fi\/wp-content\/uploads\/20250603_193655-1-768x1364.jpg"},{"@type":"BreadcrumbList","@id":"https:\/\/ilmatarlodge.fi\/nae-ja-koe\/luonto-ja-luovuus-maalausillat\/#breadcrumb","itemListElement":[{"@type":"ListItem","position":1,"name":"Etusivu","item":"https:\/\/ilmatarlodge.fi\/"},{"@type":"ListItem","position":2,"name":"N\u00e4e &amp; Koe","item":"https:\/\/ilmatarlodge.fi\/nae-ja-koe\/"},{"@type":"ListItem","position":3,"name":"Luonto &amp; Luovuus -maalausillat"}]},{"@type":"WebSite","@id":"https:\/\/ilmatarlodge.fi\/#website","url":"https:\/\/ilmatarlodge.fi\/","name":"ILMATAR Airplane Lodge","description":"Uniikki lentokonemajoitus keskell&auml; kauneinta suomalaista maaseutua","publisher":{"@id":"https:\/\/ilmatarlodge.fi\/#organization"},"potentialAction":[{"@type":"SearchAction","target":{"@type":"EntryPoint","urlTemplate":"https:\/\/ilmatarlodge.fi\/?s={search_term_string}"},"query-input":{"@type":"PropertyValueSpecification","valueRequired":true,"valueName":"search_term_string"}}],"inLanguage":"en-US"},{"@type":"Organization","@id":"https:\/\/ilmatarlodge.fi\/#organization","name":"ILMATAR Airplane Lodge","url":"https:\/\/ilmatarlodge.fi\/","logo":{"@type":"ImageObject","inLanguage":"en-US","@id":"https:\/\/ilmatarlodge.fi\/#\/schema\/logo\/image\/","url":"https:\/\/ilmatarlodge.fi\/wp-content\/uploads\/ilmatarlodge-icon.svg","contentUrl":"https:\/\/ilmatarlodge.fi\/wp-content\/uploads\/ilmatarlodge-icon.svg","width":1080,"height":1080,"caption":"ILMATAR Airplane Lodge"},"image":{"@id":"https:\/\/ilmatarlodge.fi\/#\/schema\/logo\/image\/"}}]}},"_links":{"self":[{"href":"https:\/\/ilmatarlodge.fi\/en\/wp-json\/wp\/v2\/pages\/1682","targetHints":{"allow":["GET"]}}],"collection":[{"href":"https:\/\/ilmatarlodge.fi\/en\/wp-json\/wp\/v2\/pages"}],"about":[{"href":"https:\/\/ilmatarlodge.fi\/en\/wp-json\/wp\/v2\/types\/page"}],"author":[{"embeddable":true,"href":"https:\/\/ilmatarlodge.fi\/en\/wp-json\/wp\/v2\/users\/1"}],"replies":[{"embeddable":true,"href":"https:\/\/ilmatarlodge.fi\/en\/wp-json\/wp\/v2\/comments?post=1682"}],"version-history":[{"count":17,"href":"https:\/\/ilmatarlodge.fi\/en\/wp-json\/wp\/v2\/pages\/1682\/revisions"}],"predecessor-version":[{"id":1717,"href":"https:\/\/ilmatarlodge.fi\/en\/wp-json\/wp\/v2\/pages\/1682\/revisions\/1717"}],"up":[{"embeddable":true,"href":"https:\/\/ilmatarlodge.fi\/en\/wp-json\/wp\/v2\/pages\/31"}],"wp:attachment":[{"href":"https:\/\/ilmatarlodge.fi\/en\/wp-json\/wp\/v2\/media?parent=1682"}],"curies":[{"name":"wp","href":"https:\/\/api.w.org\/{rel}","templated":true}]}}