{"id":1662,"date":"2025-11-25T15:53:17","date_gmt":"2025-11-25T15:53:17","guid":{"rendered":"https:\/\/ilmatarlodge.fi\/?page_id=1662"},"modified":"2026-01-14T09:37:51","modified_gmt":"2026-01-14T09:37:51","slug":"yoga-body-care-and-deep-relaxation","status":"publish","type":"page","link":"https:\/\/ilmatarlodge.fi\/en\/nae-ja-koe\/joogaa-kehonhuoltoa-ja-syvarentoutumista\/","title":{"rendered":"Yoga, Body Care &amp; Deep Relaxation"},"content":{"rendered":"<div data-elementor-type=\"wp-page\" data-elementor-id=\"1662\" class=\"elementor elementor-1662\" data-elementor-post-type=\"page\">\n\t\t\t\t<div class=\"elementor-element elementor-element-f4736f8 e-flex e-con-boxed e-con e-parent\" data-id=\"f4736f8\" data-element_type=\"container\" data-e-type=\"container\">\n\t\t\t\t\t<div class=\"e-con-inner\">\n\t\t<div class=\"elementor-element elementor-element-f6c9274 e-con-full e-flex e-con e-child\" data-id=\"f6c9274\" data-element_type=\"container\" data-e-type=\"container\">\n\t\t\t\t<div class=\"elementor-element elementor-element-60b6515 elementor-widget elementor-widget-image\" data-id=\"60b6515\" data-element_type=\"widget\" data-e-type=\"widget\" data-widget_type=\"image.default\">\n\t\t\t\t<div class=\"elementor-widget-container\">\n\t\t\t\t\t\t\t\t\t\t\t\t\t\t\t<img fetchpriority=\"high\" decoding=\"async\" width=\"600\" height=\"1200\" src=\"https:\/\/ilmatarlodge.fi\/wp-content\/uploads\/6867afa2b98b8_sunnijamaljat.jpg\" class=\"attachment-medium_large size-medium_large wp-image-1618\" alt=\"Hyvinvointihoidot\" srcset=\"https:\/\/ilmatarlodge.fi\/wp-content\/uploads\/6867afa2b98b8_sunnijamaljat.jpg 600w, https:\/\/ilmatarlodge.fi\/wp-content\/uploads\/6867afa2b98b8_sunnijamaljat-150x300.jpg 150w, https:\/\/ilmatarlodge.fi\/wp-content\/uploads\/6867afa2b98b8_sunnijamaljat-512x1024.jpg 512w, https:\/\/ilmatarlodge.fi\/wp-content\/uploads\/6867afa2b98b8_sunnijamaljat-75x150.jpg 75w, https:\/\/ilmatarlodge.fi\/wp-content\/uploads\/6867afa2b98b8_sunnijamaljat-6x12.jpg 6w\" sizes=\"(max-width: 600px) 100vw, 600px\" \/>\t\t\t\t\t\t\t\t\t\t\t\t\t\t\t<\/div>\n\t\t\t\t<\/div>\n\t\t\t\t<\/div>\n\t\t<div class=\"elementor-element elementor-element-2cd6525 e-con-full e-flex e-con e-child\" data-id=\"2cd6525\" data-element_type=\"container\" data-e-type=\"container\">\n\t\t\t\t<div class=\"elementor-element elementor-element-0d55f3e elementor-widget elementor-widget-text-editor\" data-id=\"0d55f3e\" data-element_type=\"widget\" data-e-type=\"widget\" data-widget_type=\"text-editor.default\">\n\t\t\t\t<div class=\"elementor-widget-container\">\n\t\t\t\t\t\t\t\t\t<p><strong>Beer Yoga \u2013 \u201cBeer and Stretching\u201d\u00a0<\/strong><\/p><p>Loosen up stiff muscles and lift your spirits!<\/p><p>During this one-hour session, gentle yoga movements are combined with small beer moments \u2013 creating the perfect balance between relaxation and fun.<\/p><p>Beer yoga strengthens, stretches, and calms the body while giving a busy mind a chance to slow down.<\/p><p><strong>Body Care\u00a0<\/strong><\/p><p>Is your back or neck aching?<\/p><p>With gentle movements and stretches, you\u2019ll strengthen your back, improve posture, and increase mobility. Regular practice helps ease pain and brings lightness to the body as a counterbalance to daily stress.<\/p><p>During this one-hour session, we work to improve spinal mobility, posture, and back strength.<\/p><p><strong>Peter Hess\u00ae Sound Deep Relaxation\u2122\u00a0<\/strong><\/p><p>Sound bowl relaxation is a deep relaxation method where the vibrations of resonating bowls soothe both the mind and body. The sounds travel through the body\u2019s fluids, releasing tension and lowering stress levels.<\/p><p>During the one-hour session, you can rest without any performance \u2013 simply be, listen, and unwind.<\/p><p>The experience harmonizes, lightens, and improves sleep quality. No prior experience is needed \u2013 just arrive and let the sounds do their work.<\/p>\t\t\t\t\t\t\t\t<\/div>\n\t\t\t\t<\/div>\n\t\t\t\t<div class=\"elementor-element elementor-element-1bb1e54 elementor-align-justify elementor-widget elementor-widget-button\" data-id=\"1bb1e54\" data-element_type=\"widget\" data-e-type=\"widget\" data-widget_type=\"button.default\">\n\t\t\t\t<div class=\"elementor-widget-container\">\n\t\t\t\t\t\t\t\t\t<div class=\"elementor-button-wrapper\">\n\t\t\t\t\t<a class=\"elementor-button elementor-button-link elementor-size-sm\" href=\"https:\/\/ilmatarlodge.fi\/en\/contact\/\">\n\t\t\t\t\t\t<span class=\"elementor-button-content-wrapper\">\n\t\t\t\t\t\t\t\t\t<span class=\"elementor-button-text\">Contact us and request a quote<\/span>\n\t\t\t\t\t<\/span>\n\t\t\t\t\t<\/a>\n\t\t\t\t<\/div>\n\t\t\t\t\t\t\t\t<\/div>\n\t\t\t\t<\/div>\n\t\t\t\t<\/div>\n\t\t\t\t\t<\/div>\n\t\t\t\t<\/div>\n\t\t\t\t<\/div>","protected":false},"excerpt":{"rendered":"<p>Olutjooga \u201colutta ja venyttely\u00e4\u201d\u00a0 Venytell\u00e4\u00e4n j\u00e4ykkyydet pois ja nostetaan mieli lentoon! Tunnin aikana yhdistet\u00e4\u00e4n joogan lempe\u00e4t liikkeet ja pienet oluttuokiot \u2013 lopputuloksena t\u00e4ydellinen tasapaino rentoutumisen ja hauskanpidon v\u00e4lill\u00e4. Olutjooga vahvistaa, venytt\u00e4\u00e4 ja rauhoittaa kehoa, samalla kun kiireinen mieli saa heng\u00e4ht\u00e4\u00e4. Kehonhuolto\u00a0 Kolottaako selk\u00e4\u00e4 tai niskaa? Lempeiden liikkeiden ja venytysten avulla vahvistat selk\u00e4\u00e4, parannat ryhti\u00e4 ja &#8230; <a title=\"Yoga, Body Care &amp; Deep Relaxation\" class=\"read-more\" href=\"https:\/\/ilmatarlodge.fi\/en\/nae-ja-koe\/joogaa-kehonhuoltoa-ja-syvarentoutumista\/\" aria-label=\"Read more about Joogaa, kehonhuoltoa ja syv\u00e4rentoutumista\">Read more<\/a><\/p>","protected":false},"author":1,"featured_media":0,"parent":31,"menu_order":0,"comment_status":"closed","ping_status":"closed","template":"","meta":{"footnotes":""},"class_list":["post-1662","page","type-page","status-publish"],"yoast_head":"<!-- This site is optimized with the Yoast SEO plugin v27.5 - https:\/\/yoast.com\/product\/yoast-seo-wordpress\/ -->\n<title>Joogaa, kehonhuoltoa ja syv\u00e4rentoutumista - ILMATAR Airplane Lodge<\/title>\n<meta name=\"robots\" content=\"index, follow, max-snippet:-1, max-image-preview:large, max-video-preview:-1\" \/>\n<link rel=\"canonical\" href=\"https:\/\/ilmatarlodge.fi\/en\/activities\/yoga-body-care-and-deep-relaxation\/\" \/>\n<meta property=\"og:locale\" content=\"en_US\" \/>\n<meta property=\"og:type\" content=\"article\" \/>\n<meta property=\"og:title\" content=\"Joogaa, kehonhuoltoa ja syv\u00e4rentoutumista - ILMATAR Airplane Lodge\" \/>\n<meta property=\"og:description\" content=\"Olutjooga \u201colutta ja venyttely\u00e4\u201d\u00a0 Venytell\u00e4\u00e4n j\u00e4ykkyydet pois ja nostetaan mieli lentoon! Tunnin aikana yhdistet\u00e4\u00e4n joogan lempe\u00e4t liikkeet ja pienet oluttuokiot \u2013 lopputuloksena t\u00e4ydellinen tasapaino rentoutumisen ja hauskanpidon v\u00e4lill\u00e4. Olutjooga vahvistaa, venytt\u00e4\u00e4 ja rauhoittaa kehoa, samalla kun kiireinen mieli saa heng\u00e4ht\u00e4\u00e4. Kehonhuolto\u00a0 Kolottaako selk\u00e4\u00e4 tai niskaa? Lempeiden liikkeiden ja venytysten avulla vahvistat selk\u00e4\u00e4, parannat ryhti\u00e4 ja ... Read more\" \/>\n<meta property=\"og:url\" content=\"https:\/\/ilmatarlodge.fi\/en\/activities\/yoga-body-care-and-deep-relaxation\/\" \/>\n<meta property=\"og:site_name\" content=\"ILMATAR Airplane Lodge\" \/>\n<meta property=\"article:modified_time\" content=\"2026-01-14T09:37:51+00:00\" \/>\n<meta property=\"og:image\" content=\"https:\/\/ilmatarlodge.fi\/wp-content\/uploads\/6867afa2b98b8_sunnijamaljat.jpg\" \/>\n\t<meta property=\"og:image:width\" content=\"600\" \/>\n\t<meta property=\"og:image:height\" content=\"1200\" \/>\n\t<meta property=\"og:image:type\" content=\"image\/jpeg\" \/>\n<meta name=\"twitter:card\" content=\"summary_large_image\" \/>\n<meta name=\"twitter:label1\" content=\"Est. reading time\" \/>\n\t<meta name=\"twitter:data1\" content=\"2 minutes\" \/>\n<script type=\"application\/ld+json\" class=\"yoast-schema-graph\">{\"@context\":\"https:\\\/\\\/schema.org\",\"@graph\":[{\"@type\":\"WebPage\",\"@id\":\"https:\\\/\\\/ilmatarlodge.fi\\\/nae-ja-koe\\\/joogaa-kehonhuoltoa-ja-syvarentoutumista\\\/\",\"url\":\"https:\\\/\\\/ilmatarlodge.fi\\\/nae-ja-koe\\\/joogaa-kehonhuoltoa-ja-syvarentoutumista\\\/\",\"name\":\"Joogaa, kehonhuoltoa ja syv\u00e4rentoutumista - ILMATAR Airplane Lodge\",\"isPartOf\":{\"@id\":\"https:\\\/\\\/ilmatarlodge.fi\\\/#website\"},\"primaryImageOfPage\":{\"@id\":\"https:\\\/\\\/ilmatarlodge.fi\\\/nae-ja-koe\\\/joogaa-kehonhuoltoa-ja-syvarentoutumista\\\/#primaryimage\"},\"image\":{\"@id\":\"https:\\\/\\\/ilmatarlodge.fi\\\/nae-ja-koe\\\/joogaa-kehonhuoltoa-ja-syvarentoutumista\\\/#primaryimage\"},\"thumbnailUrl\":\"https:\\\/\\\/ilmatarlodge.fi\\\/wp-content\\\/uploads\\\/6867afa2b98b8_sunnijamaljat.jpg\",\"datePublished\":\"2025-11-25T15:53:17+00:00\",\"dateModified\":\"2026-01-14T09:37:51+00:00\",\"breadcrumb\":{\"@id\":\"https:\\\/\\\/ilmatarlodge.fi\\\/nae-ja-koe\\\/joogaa-kehonhuoltoa-ja-syvarentoutumista\\\/#breadcrumb\"},\"inLanguage\":\"en-US\",\"potentialAction\":[{\"@type\":\"ReadAction\",\"target\":[\"https:\\\/\\\/ilmatarlodge.fi\\\/nae-ja-koe\\\/joogaa-kehonhuoltoa-ja-syvarentoutumista\\\/\"]}]},{\"@type\":\"ImageObject\",\"inLanguage\":\"en-US\",\"@id\":\"https:\\\/\\\/ilmatarlodge.fi\\\/nae-ja-koe\\\/joogaa-kehonhuoltoa-ja-syvarentoutumista\\\/#primaryimage\",\"url\":\"https:\\\/\\\/ilmatarlodge.fi\\\/wp-content\\\/uploads\\\/6867afa2b98b8_sunnijamaljat.jpg\",\"contentUrl\":\"https:\\\/\\\/ilmatarlodge.fi\\\/wp-content\\\/uploads\\\/6867afa2b98b8_sunnijamaljat.jpg\"},{\"@type\":\"BreadcrumbList\",\"@id\":\"https:\\\/\\\/ilmatarlodge.fi\\\/nae-ja-koe\\\/joogaa-kehonhuoltoa-ja-syvarentoutumista\\\/#breadcrumb\",\"itemListElement\":[{\"@type\":\"ListItem\",\"position\":1,\"name\":\"Etusivu\",\"item\":\"https:\\\/\\\/ilmatarlodge.fi\\\/\"},{\"@type\":\"ListItem\",\"position\":2,\"name\":\"N\u00e4e &amp; Koe\",\"item\":\"https:\\\/\\\/ilmatarlodge.fi\\\/nae-ja-koe\\\/\"},{\"@type\":\"ListItem\",\"position\":3,\"name\":\"Joogaa, kehonhuoltoa ja syv\u00e4rentoutumista\"}]},{\"@type\":\"WebSite\",\"@id\":\"https:\\\/\\\/ilmatarlodge.fi\\\/#website\",\"url\":\"https:\\\/\\\/ilmatarlodge.fi\\\/\",\"name\":\"ILMATAR Airplane Lodge\",\"description\":\"Uniikki lentokonemajoitus keskell&auml; kauneinta suomalaista maaseutua\",\"publisher\":{\"@id\":\"https:\\\/\\\/ilmatarlodge.fi\\\/#organization\"},\"potentialAction\":[{\"@type\":\"SearchAction\",\"target\":{\"@type\":\"EntryPoint\",\"urlTemplate\":\"https:\\\/\\\/ilmatarlodge.fi\\\/?s={search_term_string}\"},\"query-input\":{\"@type\":\"PropertyValueSpecification\",\"valueRequired\":true,\"valueName\":\"search_term_string\"}}],\"inLanguage\":\"en-US\"},{\"@type\":\"Organization\",\"@id\":\"https:\\\/\\\/ilmatarlodge.fi\\\/#organization\",\"name\":\"ILMATAR Airplane Lodge\",\"url\":\"https:\\\/\\\/ilmatarlodge.fi\\\/\",\"logo\":{\"@type\":\"ImageObject\",\"inLanguage\":\"en-US\",\"@id\":\"https:\\\/\\\/ilmatarlodge.fi\\\/#\\\/schema\\\/logo\\\/image\\\/\",\"url\":\"https:\\\/\\\/ilmatarlodge.fi\\\/wp-content\\\/uploads\\\/ilmatarlodge-icon.svg\",\"contentUrl\":\"https:\\\/\\\/ilmatarlodge.fi\\\/wp-content\\\/uploads\\\/ilmatarlodge-icon.svg\",\"width\":1080,\"height\":1080,\"caption\":\"ILMATAR Airplane Lodge\"},\"image\":{\"@id\":\"https:\\\/\\\/ilmatarlodge.fi\\\/#\\\/schema\\\/logo\\\/image\\\/\"}}]}<\/script>\n<!-- \/ Yoast SEO plugin. -->","yoast_head_json":{"title":"Joogaa, kehonhuoltoa ja syv\u00e4rentoutumista - ILMATAR Airplane Lodge","robots":{"index":"index","follow":"follow","max-snippet":"max-snippet:-1","max-image-preview":"max-image-preview:large","max-video-preview":"max-video-preview:-1"},"canonical":"https:\/\/ilmatarlodge.fi\/en\/activities\/yoga-body-care-and-deep-relaxation\/","og_locale":"en_US","og_type":"article","og_title":"Joogaa, kehonhuoltoa ja syv\u00e4rentoutumista - ILMATAR Airplane Lodge","og_description":"Olutjooga \u201colutta ja venyttely\u00e4\u201d\u00a0 Venytell\u00e4\u00e4n j\u00e4ykkyydet pois ja nostetaan mieli lentoon! Tunnin aikana yhdistet\u00e4\u00e4n joogan lempe\u00e4t liikkeet ja pienet oluttuokiot \u2013 lopputuloksena t\u00e4ydellinen tasapaino rentoutumisen ja hauskanpidon v\u00e4lill\u00e4. Olutjooga vahvistaa, venytt\u00e4\u00e4 ja rauhoittaa kehoa, samalla kun kiireinen mieli saa heng\u00e4ht\u00e4\u00e4. Kehonhuolto\u00a0 Kolottaako selk\u00e4\u00e4 tai niskaa? Lempeiden liikkeiden ja venytysten avulla vahvistat selk\u00e4\u00e4, parannat ryhti\u00e4 ja ... Read more","og_url":"https:\/\/ilmatarlodge.fi\/en\/activities\/yoga-body-care-and-deep-relaxation\/","og_site_name":"ILMATAR Airplane Lodge","article_modified_time":"2026-01-14T09:37:51+00:00","og_image":[{"width":600,"height":1200,"url":"https:\/\/ilmatarlodge.fi\/wp-content\/uploads\/6867afa2b98b8_sunnijamaljat.jpg","type":"image\/jpeg"}],"twitter_card":"summary_large_image","twitter_misc":{"Est. reading time":"2 minutes"},"schema":{"@context":"https:\/\/schema.org","@graph":[{"@type":"WebPage","@id":"https:\/\/ilmatarlodge.fi\/nae-ja-koe\/joogaa-kehonhuoltoa-ja-syvarentoutumista\/","url":"https:\/\/ilmatarlodge.fi\/nae-ja-koe\/joogaa-kehonhuoltoa-ja-syvarentoutumista\/","name":"Joogaa, kehonhuoltoa ja syv\u00e4rentoutumista - ILMATAR Airplane Lodge","isPartOf":{"@id":"https:\/\/ilmatarlodge.fi\/#website"},"primaryImageOfPage":{"@id":"https:\/\/ilmatarlodge.fi\/nae-ja-koe\/joogaa-kehonhuoltoa-ja-syvarentoutumista\/#primaryimage"},"image":{"@id":"https:\/\/ilmatarlodge.fi\/nae-ja-koe\/joogaa-kehonhuoltoa-ja-syvarentoutumista\/#primaryimage"},"thumbnailUrl":"https:\/\/ilmatarlodge.fi\/wp-content\/uploads\/6867afa2b98b8_sunnijamaljat.jpg","datePublished":"2025-11-25T15:53:17+00:00","dateModified":"2026-01-14T09:37:51+00:00","breadcrumb":{"@id":"https:\/\/ilmatarlodge.fi\/nae-ja-koe\/joogaa-kehonhuoltoa-ja-syvarentoutumista\/#breadcrumb"},"inLanguage":"en-US","potentialAction":[{"@type":"ReadAction","target":["https:\/\/ilmatarlodge.fi\/nae-ja-koe\/joogaa-kehonhuoltoa-ja-syvarentoutumista\/"]}]},{"@type":"ImageObject","inLanguage":"en-US","@id":"https:\/\/ilmatarlodge.fi\/nae-ja-koe\/joogaa-kehonhuoltoa-ja-syvarentoutumista\/#primaryimage","url":"https:\/\/ilmatarlodge.fi\/wp-content\/uploads\/6867afa2b98b8_sunnijamaljat.jpg","contentUrl":"https:\/\/ilmatarlodge.fi\/wp-content\/uploads\/6867afa2b98b8_sunnijamaljat.jpg"},{"@type":"BreadcrumbList","@id":"https:\/\/ilmatarlodge.fi\/nae-ja-koe\/joogaa-kehonhuoltoa-ja-syvarentoutumista\/#breadcrumb","itemListElement":[{"@type":"ListItem","position":1,"name":"Etusivu","item":"https:\/\/ilmatarlodge.fi\/"},{"@type":"ListItem","position":2,"name":"N\u00e4e &amp; Koe","item":"https:\/\/ilmatarlodge.fi\/nae-ja-koe\/"},{"@type":"ListItem","position":3,"name":"Joogaa, kehonhuoltoa ja syv\u00e4rentoutumista"}]},{"@type":"WebSite","@id":"https:\/\/ilmatarlodge.fi\/#website","url":"https:\/\/ilmatarlodge.fi\/","name":"ILMATAR Airplane Lodge","description":"Uniikki lentokonemajoitus keskell&auml; kauneinta suomalaista maaseutua","publisher":{"@id":"https:\/\/ilmatarlodge.fi\/#organization"},"potentialAction":[{"@type":"SearchAction","target":{"@type":"EntryPoint","urlTemplate":"https:\/\/ilmatarlodge.fi\/?s={search_term_string}"},"query-input":{"@type":"PropertyValueSpecification","valueRequired":true,"valueName":"search_term_string"}}],"inLanguage":"en-US"},{"@type":"Organization","@id":"https:\/\/ilmatarlodge.fi\/#organization","name":"ILMATAR Airplane Lodge","url":"https:\/\/ilmatarlodge.fi\/","logo":{"@type":"ImageObject","inLanguage":"en-US","@id":"https:\/\/ilmatarlodge.fi\/#\/schema\/logo\/image\/","url":"https:\/\/ilmatarlodge.fi\/wp-content\/uploads\/ilmatarlodge-icon.svg","contentUrl":"https:\/\/ilmatarlodge.fi\/wp-content\/uploads\/ilmatarlodge-icon.svg","width":1080,"height":1080,"caption":"ILMATAR Airplane Lodge"},"image":{"@id":"https:\/\/ilmatarlodge.fi\/#\/schema\/logo\/image\/"}}]}},"_links":{"self":[{"href":"https:\/\/ilmatarlodge.fi\/en\/wp-json\/wp\/v2\/pages\/1662","targetHints":{"allow":["GET"]}}],"collection":[{"href":"https:\/\/ilmatarlodge.fi\/en\/wp-json\/wp\/v2\/pages"}],"about":[{"href":"https:\/\/ilmatarlodge.fi\/en\/wp-json\/wp\/v2\/types\/page"}],"author":[{"embeddable":true,"href":"https:\/\/ilmatarlodge.fi\/en\/wp-json\/wp\/v2\/users\/1"}],"replies":[{"embeddable":true,"href":"https:\/\/ilmatarlodge.fi\/en\/wp-json\/wp\/v2\/comments?post=1662"}],"version-history":[{"count":25,"href":"https:\/\/ilmatarlodge.fi\/en\/wp-json\/wp\/v2\/pages\/1662\/revisions"}],"predecessor-version":[{"id":1779,"href":"https:\/\/ilmatarlodge.fi\/en\/wp-json\/wp\/v2\/pages\/1662\/revisions\/1779"}],"up":[{"embeddable":true,"href":"https:\/\/ilmatarlodge.fi\/en\/wp-json\/wp\/v2\/pages\/31"}],"wp:attachment":[{"href":"https:\/\/ilmatarlodge.fi\/en\/wp-json\/wp\/v2\/media?parent=1662"}],"curies":[{"name":"wp","href":"https:\/\/api.w.org\/{rel}","templated":true}]}}