{"id":1644,"date":"2025-11-24T18:04:32","date_gmt":"2025-11-24T18:04:32","guid":{"rendered":"https:\/\/ilmatarlodge.fi\/?page_id=1644"},"modified":"2025-11-24T18:44:16","modified_gmt":"2025-11-24T18:44:16","slug":"guided-nature-experiences","status":"publish","type":"page","link":"https:\/\/ilmatarlodge.fi\/en\/nae-ja-koe\/opastetut-luontoelamykset\/","title":{"rendered":"Guided Nature Experiences"},"content":{"rendered":"<div data-elementor-type=\"wp-page\" data-elementor-id=\"1644\" class=\"elementor elementor-1644\" data-elementor-post-type=\"page\">\n\t\t\t\t<div class=\"elementor-element elementor-element-cbf2ce8 e-flex e-con-boxed e-con e-parent\" data-id=\"cbf2ce8\" data-element_type=\"container\" data-e-type=\"container\">\n\t\t\t\t\t<div class=\"e-con-inner\">\n\t\t<div class=\"elementor-element elementor-element-e402356 e-con-full e-flex e-con e-child\" data-id=\"e402356\" data-element_type=\"container\" data-e-type=\"container\">\n\t\t\t\t<div class=\"elementor-element elementor-element-77f5c94 elementor-widget elementor-widget-image\" data-id=\"77f5c94\" data-element_type=\"widget\" data-e-type=\"widget\" data-widget_type=\"image.default\">\n\t\t\t\t<div class=\"elementor-widget-container\">\n\t\t\t\t\t\t\t\t\t\t\t\t\t\t\t<img fetchpriority=\"high\" decoding=\"async\" width=\"768\" height=\"512\" src=\"https:\/\/ilmatarlodge.fi\/wp-content\/uploads\/lumikenkaretki-768x512.jpg\" class=\"attachment-medium_large size-medium_large wp-image-1658\" alt=\"Lumikenk\u00e4retki\" srcset=\"https:\/\/ilmatarlodge.fi\/wp-content\/uploads\/lumikenkaretki-768x512.jpg 768w, https:\/\/ilmatarlodge.fi\/wp-content\/uploads\/lumikenkaretki-300x200.jpg 300w, https:\/\/ilmatarlodge.fi\/wp-content\/uploads\/lumikenkaretki-1024x682.jpg 1024w, https:\/\/ilmatarlodge.fi\/wp-content\/uploads\/lumikenkaretki-150x100.jpg 150w, https:\/\/ilmatarlodge.fi\/wp-content\/uploads\/lumikenkaretki-1536x1024.jpg 1536w, https:\/\/ilmatarlodge.fi\/wp-content\/uploads\/lumikenkaretki-18x12.jpg 18w, https:\/\/ilmatarlodge.fi\/wp-content\/uploads\/lumikenkaretki.jpg 2000w\" sizes=\"(max-width: 768px) 100vw, 768px\" \/>\t\t\t\t\t\t\t\t\t\t\t\t\t\t\t<\/div>\n\t\t\t\t<\/div>\n\t\t\t\t<div class=\"elementor-element elementor-element-b586796 elementor-widget elementor-widget-heading\" data-id=\"b586796\" data-element_type=\"widget\" data-e-type=\"widget\" data-widget_type=\"heading.default\">\n\t\t\t\t<div class=\"elementor-widget-container\">\n\t\t\t\t\t<h2 class=\"elementor-heading-title elementor-size-default\">Guided Snowshoe Adventure<\/h2>\t\t\t\t<\/div>\n\t\t\t\t<\/div>\n\t\t\t\t<div class=\"elementor-element elementor-element-acbb833 elementor-widget elementor-widget-text-editor\" data-id=\"acbb833\" data-element_type=\"widget\" data-e-type=\"widget\" data-widget_type=\"text-editor.default\">\n\t\t\t\t<div class=\"elementor-widget-container\">\n\t\t\t\t\t\t\t\t\t<p>Head out with a guide to explore the winter landscape at a relaxed pace. The snowshoe trek takes you into peaceful silence and snow-covered forests. During the trip, we serve warm drinks and snacks.<\/p><p>Duration: 2,5 hours<\/p>\t\t\t\t\t\t\t\t<\/div>\n\t\t\t\t<\/div>\n\t\t\t\t<div class=\"elementor-element elementor-element-490d1cb elementor-align-justify elementor-widget elementor-widget-button\" data-id=\"490d1cb\" data-element_type=\"widget\" data-e-type=\"widget\" data-widget_type=\"button.default\">\n\t\t\t\t<div class=\"elementor-widget-container\">\n\t\t\t\t\t\t\t\t\t<div class=\"elementor-button-wrapper\">\n\t\t\t\t\t<a class=\"elementor-button elementor-button-link elementor-size-sm\" href=\"https:\/\/ilmatarlodge.fi\/en\/contact\/\">\n\t\t\t\t\t\t<span class=\"elementor-button-content-wrapper\">\n\t\t\t\t\t\t\t\t\t<span class=\"elementor-button-text\">Contact us and request a quote<\/span>\n\t\t\t\t\t<\/span>\n\t\t\t\t\t<\/a>\n\t\t\t\t<\/div>\n\t\t\t\t\t\t\t\t<\/div>\n\t\t\t\t<\/div>\n\t\t\t\t<\/div>\n\t\t<div class=\"elementor-element elementor-element-8738cc4 e-con-full e-flex e-con e-child\" data-id=\"8738cc4\" data-element_type=\"container\" data-e-type=\"container\">\n\t\t\t\t<div class=\"elementor-element elementor-element-7a21b23 elementor-widget elementor-widget-image\" data-id=\"7a21b23\" data-element_type=\"widget\" data-e-type=\"widget\" data-widget_type=\"image.default\">\n\t\t\t\t<div class=\"elementor-widget-container\">\n\t\t\t\t\t\t\t\t\t\t\t\t\t\t\t<img decoding=\"async\" width=\"768\" height=\"1024\" src=\"https:\/\/ilmatarlodge.fi\/wp-content\/uploads\/f1d1a769-7939-4fe5-a3d9-6b627ecacbbb-768x1024.jpg\" class=\"attachment-medium_large size-medium_large wp-image-1606\" alt=\"Ice Fishing\" srcset=\"https:\/\/ilmatarlodge.fi\/wp-content\/uploads\/f1d1a769-7939-4fe5-a3d9-6b627ecacbbb-768x1024.jpg 768w, https:\/\/ilmatarlodge.fi\/wp-content\/uploads\/f1d1a769-7939-4fe5-a3d9-6b627ecacbbb-225x300.jpg 225w, https:\/\/ilmatarlodge.fi\/wp-content\/uploads\/f1d1a769-7939-4fe5-a3d9-6b627ecacbbb-113x150.jpg 113w, https:\/\/ilmatarlodge.fi\/wp-content\/uploads\/f1d1a769-7939-4fe5-a3d9-6b627ecacbbb-1152x1536.jpg 1152w, https:\/\/ilmatarlodge.fi\/wp-content\/uploads\/f1d1a769-7939-4fe5-a3d9-6b627ecacbbb-9x12.jpg 9w, https:\/\/ilmatarlodge.fi\/wp-content\/uploads\/f1d1a769-7939-4fe5-a3d9-6b627ecacbbb.jpg 1200w\" sizes=\"(max-width: 768px) 100vw, 768px\" \/>\t\t\t\t\t\t\t\t\t\t\t\t\t\t\t<\/div>\n\t\t\t\t<\/div>\n\t\t\t\t<div class=\"elementor-element elementor-element-d24de45 elementor-widget elementor-widget-heading\" data-id=\"d24de45\" data-element_type=\"widget\" data-e-type=\"widget\" data-widget_type=\"heading.default\">\n\t\t\t\t<div class=\"elementor-widget-container\">\n\t\t\t\t\t<h2 class=\"elementor-heading-title elementor-size-default\">Ice Fishing<\/h2>\t\t\t\t<\/div>\n\t\t\t\t<\/div>\n\t\t\t\t<div class=\"elementor-element elementor-element-bbf29e2 elementor-widget elementor-widget-text-editor\" data-id=\"bbf29e2\" data-element_type=\"widget\" data-e-type=\"widget\" data-widget_type=\"text-editor.default\">\n\t\t\t\t<div class=\"elementor-widget-container\">\n\t\t\t\t\t\t\t\t\t<p>Experience a classic Finnish winter tradition \u2013 Ice fishing. Our guide will take you onto the ice, where you can try ice fishing, enjoy the tranquility of nature, and warm up with a hot drink by the fire. The trip is suitable for everyone\u2014from first-timers to experienced fishermen.<\/p>\t\t\t\t\t\t\t\t<\/div>\n\t\t\t\t<\/div>\n\t\t\t\t<div class=\"elementor-element elementor-element-aab5c78 elementor-align-justify elementor-widget elementor-widget-button\" data-id=\"aab5c78\" data-element_type=\"widget\" data-e-type=\"widget\" data-widget_type=\"button.default\">\n\t\t\t\t<div class=\"elementor-widget-container\">\n\t\t\t\t\t\t\t\t\t<div class=\"elementor-button-wrapper\">\n\t\t\t\t\t<a class=\"elementor-button elementor-button-link elementor-size-sm\" href=\"https:\/\/ilmatarlodge.fi\/en\/contact\/\">\n\t\t\t\t\t\t<span class=\"elementor-button-content-wrapper\">\n\t\t\t\t\t\t\t\t\t<span class=\"elementor-button-text\">Contact us and request a quote<\/span>\n\t\t\t\t\t<\/span>\n\t\t\t\t\t<\/a>\n\t\t\t\t<\/div>\n\t\t\t\t\t\t\t\t<\/div>\n\t\t\t\t<\/div>\n\t\t\t\t<\/div>\n\t\t<div class=\"elementor-element elementor-element-dee85e5 e-con-full e-flex e-con e-child\" data-id=\"dee85e5\" data-element_type=\"container\" data-e-type=\"container\">\n\t\t\t\t<div class=\"elementor-element elementor-element-75df63e elementor-widget elementor-widget-image\" data-id=\"75df63e\" data-element_type=\"widget\" data-e-type=\"widget\" data-widget_type=\"image.default\">\n\t\t\t\t<div class=\"elementor-widget-container\">\n\t\t\t\t\t\t\t\t\t\t\t\t\t\t\t<img decoding=\"async\" width=\"768\" height=\"1367\" src=\"https:\/\/ilmatarlodge.fi\/wp-content\/uploads\/884f890b-fb2e-4bf2-9fac-af1510ebbd1c-768x1367.jpg\" class=\"attachment-medium_large size-medium_large wp-image-1613\" alt=\"Into the Forest\" srcset=\"https:\/\/ilmatarlodge.fi\/wp-content\/uploads\/884f890b-fb2e-4bf2-9fac-af1510ebbd1c-768x1367.jpg 768w, https:\/\/ilmatarlodge.fi\/wp-content\/uploads\/884f890b-fb2e-4bf2-9fac-af1510ebbd1c-169x300.jpg 169w, https:\/\/ilmatarlodge.fi\/wp-content\/uploads\/884f890b-fb2e-4bf2-9fac-af1510ebbd1c-575x1024.jpg 575w, https:\/\/ilmatarlodge.fi\/wp-content\/uploads\/884f890b-fb2e-4bf2-9fac-af1510ebbd1c-84x150.jpg 84w, https:\/\/ilmatarlodge.fi\/wp-content\/uploads\/884f890b-fb2e-4bf2-9fac-af1510ebbd1c-863x1536.jpg 863w, https:\/\/ilmatarlodge.fi\/wp-content\/uploads\/884f890b-fb2e-4bf2-9fac-af1510ebbd1c-7x12.jpg 7w, https:\/\/ilmatarlodge.fi\/wp-content\/uploads\/884f890b-fb2e-4bf2-9fac-af1510ebbd1c.jpg 899w\" sizes=\"(max-width: 768px) 100vw, 768px\" \/>\t\t\t\t\t\t\t\t\t\t\t\t\t\t\t<\/div>\n\t\t\t\t<\/div>\n\t\t\t\t<div class=\"elementor-element elementor-element-bc8e142 elementor-widget elementor-widget-heading\" data-id=\"bc8e142\" data-element_type=\"widget\" data-e-type=\"widget\" data-widget_type=\"heading.default\">\n\t\t\t\t<div class=\"elementor-widget-container\">\n\t\t\t\t\t<h2 class=\"elementor-heading-title elementor-size-default\">Into the forest <\/h2>\t\t\t\t<\/div>\n\t\t\t\t<\/div>\n\t\t\t\t<div class=\"elementor-element elementor-element-c67c761 elementor-widget elementor-widget-text-editor\" data-id=\"c67c761\" data-element_type=\"widget\" data-e-type=\"widget\" data-widget_type=\"text-editor.default\">\n\t\t\t\t<div class=\"elementor-widget-container\">\n\t\t\t\t\t\t\t\t\t<p>Immerse yourself in the calm of the forest and connect with nature through all your senses. This excursion offers serenity, silence, and small mindfulness practices that help reset a busy mind. A perfect activity for a wellness day or a relaxing weekend.<\/p>\t\t\t\t\t\t\t\t<\/div>\n\t\t\t\t<\/div>\n\t\t\t\t<div class=\"elementor-element elementor-element-378e569 elementor-align-justify elementor-widget elementor-widget-button\" data-id=\"378e569\" data-element_type=\"widget\" data-e-type=\"widget\" data-widget_type=\"button.default\">\n\t\t\t\t<div class=\"elementor-widget-container\">\n\t\t\t\t\t\t\t\t\t<div class=\"elementor-button-wrapper\">\n\t\t\t\t\t<a class=\"elementor-button elementor-button-link elementor-size-sm\" href=\"https:\/\/ilmatarlodge.fi\/en\/contact\/\">\n\t\t\t\t\t\t<span class=\"elementor-button-content-wrapper\">\n\t\t\t\t\t\t\t\t\t<span class=\"elementor-button-text\">Contact us and request a quote<\/span>\n\t\t\t\t\t<\/span>\n\t\t\t\t\t<\/a>\n\t\t\t\t<\/div>\n\t\t\t\t\t\t\t\t<\/div>\n\t\t\t\t<\/div>\n\t\t\t\t<\/div>\n\t\t<div class=\"elementor-element elementor-element-d12c6cf e-con-full e-flex e-con e-child\" data-id=\"d12c6cf\" data-element_type=\"container\" data-e-type=\"container\">\n\t\t\t\t<div class=\"elementor-element elementor-element-03fd3e6 elementor-widget elementor-widget-image\" data-id=\"03fd3e6\" data-element_type=\"widget\" data-e-type=\"widget\" data-widget_type=\"image.default\">\n\t\t\t\t<div class=\"elementor-widget-container\">\n\t\t\t\t\t\t\t\t\t\t\t\t\t\t\t<img loading=\"lazy\" decoding=\"async\" width=\"768\" height=\"1024\" src=\"https:\/\/ilmatarlodge.fi\/wp-content\/uploads\/b61e41e9-59d2-4920-8258-8de795e9a471-768x1024.jpg\" class=\"attachment-medium_large size-medium_large wp-image-1611\" alt=\"Er\u00e4ruokailut\" srcset=\"https:\/\/ilmatarlodge.fi\/wp-content\/uploads\/b61e41e9-59d2-4920-8258-8de795e9a471-768x1024.jpg 768w, https:\/\/ilmatarlodge.fi\/wp-content\/uploads\/b61e41e9-59d2-4920-8258-8de795e9a471-225x300.jpg 225w, https:\/\/ilmatarlodge.fi\/wp-content\/uploads\/b61e41e9-59d2-4920-8258-8de795e9a471-113x150.jpg 113w, https:\/\/ilmatarlodge.fi\/wp-content\/uploads\/b61e41e9-59d2-4920-8258-8de795e9a471-1152x1536.jpg 1152w, https:\/\/ilmatarlodge.fi\/wp-content\/uploads\/b61e41e9-59d2-4920-8258-8de795e9a471-9x12.jpg 9w, https:\/\/ilmatarlodge.fi\/wp-content\/uploads\/b61e41e9-59d2-4920-8258-8de795e9a471.jpg 1200w\" sizes=\"(max-width: 768px) 100vw, 768px\" \/>\t\t\t\t\t\t\t\t\t\t\t\t\t\t\t<\/div>\n\t\t\t\t<\/div>\n\t\t\t\t<div class=\"elementor-element elementor-element-1fe54d9 elementor-widget elementor-widget-heading\" data-id=\"1fe54d9\" data-element_type=\"widget\" data-e-type=\"widget\" data-widget_type=\"heading.default\">\n\t\t\t\t<div class=\"elementor-widget-container\">\n\t\t\t\t\t<h2 class=\"elementor-heading-title elementor-size-default\">Wilderness dining<\/h2>\t\t\t\t<\/div>\n\t\t\t\t<\/div>\n\t\t\t\t<div class=\"elementor-element elementor-element-8446eb3 elementor-widget elementor-widget-text-editor\" data-id=\"8446eb3\" data-element_type=\"widget\" data-e-type=\"widget\" data-widget_type=\"text-editor.default\">\n\t\t\t\t<div class=\"elementor-widget-container\">\n\t\t\t\t\t\t\t\t\t<p>Enjoy a delicious meal in the heart of nature, by the warmth of an open fire. Local ingredients, the scent of smoke, and the forest atmosphere create a dining experience for all the senses. Our wilderness chefs will prepare unforgettable flavor memories for you.<\/p>\t\t\t\t\t\t\t\t<\/div>\n\t\t\t\t<\/div>\n\t\t\t\t<div class=\"elementor-element elementor-element-95bc401 elementor-align-justify elementor-widget elementor-widget-button\" data-id=\"95bc401\" data-element_type=\"widget\" data-e-type=\"widget\" data-widget_type=\"button.default\">\n\t\t\t\t<div class=\"elementor-widget-container\">\n\t\t\t\t\t\t\t\t\t<div class=\"elementor-button-wrapper\">\n\t\t\t\t\t<a class=\"elementor-button elementor-button-link elementor-size-sm\" href=\"https:\/\/ilmatarlodge.fi\/en\/contact\/\">\n\t\t\t\t\t\t<span class=\"elementor-button-content-wrapper\">\n\t\t\t\t\t\t\t\t\t<span class=\"elementor-button-text\">Contact us and request a quote<\/span>\n\t\t\t\t\t<\/span>\n\t\t\t\t\t<\/a>\n\t\t\t\t<\/div>\n\t\t\t\t\t\t\t\t<\/div>\n\t\t\t\t<\/div>\n\t\t\t\t<\/div>\n\t\t\t\t\t<\/div>\n\t\t\t\t<\/div>\n\t\t\t\t<\/div>","protected":false},"excerpt":{"rendered":"<p>Opastettu lumikenk\u00e4seikkailu L\u00e4hde oppaan johdolla tutkimaan talvista luontoa rauhalliseen tahtiin. Lumikenk\u00e4retki vie sinut hiljaisuuden ja lumisten metsien keskelle. Retken aikana tarjoilemme l\u00e4mmint\u00e4 juotavaa sek\u00e4 naposteltavaa. Kesto 2,5 tuntia. Ota yhteytt\u00e4 ja pyyd\u00e4 tarjous Pilkkiretki Koe suomalainen talviperinne parhaimmillaan! Oppaamme johdattaa sinut j\u00e4\u00e4lle, miss\u00e4 saat kokeilla pilkkimist\u00e4, nauttia luonnonrauhasta ja kuumasta juomasta nuotion \u00e4\u00e4rell\u00e4. Retki sopii &#8230; <a title=\"Guided Nature Experiences\" class=\"read-more\" href=\"https:\/\/ilmatarlodge.fi\/en\/nae-ja-koe\/opastetut-luontoelamykset\/\" aria-label=\"Read more about Opastetut luontoel\u00e4mykset\">Read more<\/a><\/p>","protected":false},"author":1,"featured_media":0,"parent":31,"menu_order":0,"comment_status":"closed","ping_status":"closed","template":"","meta":{"footnotes":""},"class_list":["post-1644","page","type-page","status-publish"],"yoast_head":"<!-- This site is optimized with the Yoast SEO plugin v27.5 - https:\/\/yoast.com\/product\/yoast-seo-wordpress\/ -->\n<title>Opastetut luontoel\u00e4mykset - ILMATAR Airplane Lodge<\/title>\n<meta name=\"robots\" content=\"index, follow, max-snippet:-1, max-image-preview:large, max-video-preview:-1\" \/>\n<link rel=\"canonical\" href=\"https:\/\/ilmatarlodge.fi\/en\/activities\/guided-nature-experiences\/\" \/>\n<meta property=\"og:locale\" content=\"en_US\" \/>\n<meta property=\"og:type\" content=\"article\" \/>\n<meta property=\"og:title\" content=\"Opastetut luontoel\u00e4mykset - ILMATAR Airplane Lodge\" \/>\n<meta property=\"og:description\" content=\"Opastettu lumikenk\u00e4seikkailu L\u00e4hde oppaan johdolla tutkimaan talvista luontoa rauhalliseen tahtiin. Lumikenk\u00e4retki vie sinut hiljaisuuden ja lumisten metsien keskelle. Retken aikana tarjoilemme l\u00e4mmint\u00e4 juotavaa sek\u00e4 naposteltavaa. Kesto 2,5 tuntia. Ota yhteytt\u00e4 ja pyyd\u00e4 tarjous Pilkkiretki Koe suomalainen talviperinne parhaimmillaan! Oppaamme johdattaa sinut j\u00e4\u00e4lle, miss\u00e4 saat kokeilla pilkkimist\u00e4, nauttia luonnonrauhasta ja kuumasta juomasta nuotion \u00e4\u00e4rell\u00e4. Retki sopii ... Read more\" \/>\n<meta property=\"og:url\" content=\"https:\/\/ilmatarlodge.fi\/en\/activities\/guided-nature-experiences\/\" \/>\n<meta property=\"og:site_name\" content=\"ILMATAR Airplane Lodge\" \/>\n<meta property=\"article:modified_time\" content=\"2025-11-24T18:44:16+00:00\" \/>\n<meta property=\"og:image\" content=\"https:\/\/ilmatarlodge.fi\/wp-content\/uploads\/lumikenkaretki-768x512.jpg\" \/>\n<meta name=\"twitter:card\" content=\"summary_large_image\" \/>\n<meta name=\"twitter:label1\" content=\"Est. reading time\" \/>\n\t<meta name=\"twitter:data1\" content=\"2 minutes\" \/>\n<script type=\"application\/ld+json\" class=\"yoast-schema-graph\">{\"@context\":\"https:\\\/\\\/schema.org\",\"@graph\":[{\"@type\":\"WebPage\",\"@id\":\"https:\\\/\\\/ilmatarlodge.fi\\\/nae-ja-koe\\\/opastetut-luontoelamykset\\\/\",\"url\":\"https:\\\/\\\/ilmatarlodge.fi\\\/nae-ja-koe\\\/opastetut-luontoelamykset\\\/\",\"name\":\"Opastetut luontoel\u00e4mykset - ILMATAR Airplane Lodge\",\"isPartOf\":{\"@id\":\"https:\\\/\\\/ilmatarlodge.fi\\\/#website\"},\"primaryImageOfPage\":{\"@id\":\"https:\\\/\\\/ilmatarlodge.fi\\\/nae-ja-koe\\\/opastetut-luontoelamykset\\\/#primaryimage\"},\"image\":{\"@id\":\"https:\\\/\\\/ilmatarlodge.fi\\\/nae-ja-koe\\\/opastetut-luontoelamykset\\\/#primaryimage\"},\"thumbnailUrl\":\"https:\\\/\\\/ilmatarlodge.fi\\\/wp-content\\\/uploads\\\/lumikenkaretki-768x512.jpg\",\"datePublished\":\"2025-11-24T18:04:32+00:00\",\"dateModified\":\"2025-11-24T18:44:16+00:00\",\"breadcrumb\":{\"@id\":\"https:\\\/\\\/ilmatarlodge.fi\\\/nae-ja-koe\\\/opastetut-luontoelamykset\\\/#breadcrumb\"},\"inLanguage\":\"en-US\",\"potentialAction\":[{\"@type\":\"ReadAction\",\"target\":[\"https:\\\/\\\/ilmatarlodge.fi\\\/nae-ja-koe\\\/opastetut-luontoelamykset\\\/\"]}]},{\"@type\":\"ImageObject\",\"inLanguage\":\"en-US\",\"@id\":\"https:\\\/\\\/ilmatarlodge.fi\\\/nae-ja-koe\\\/opastetut-luontoelamykset\\\/#primaryimage\",\"url\":\"https:\\\/\\\/ilmatarlodge.fi\\\/wp-content\\\/uploads\\\/lumikenkaretki-768x512.jpg\",\"contentUrl\":\"https:\\\/\\\/ilmatarlodge.fi\\\/wp-content\\\/uploads\\\/lumikenkaretki-768x512.jpg\"},{\"@type\":\"BreadcrumbList\",\"@id\":\"https:\\\/\\\/ilmatarlodge.fi\\\/nae-ja-koe\\\/opastetut-luontoelamykset\\\/#breadcrumb\",\"itemListElement\":[{\"@type\":\"ListItem\",\"position\":1,\"name\":\"Etusivu\",\"item\":\"https:\\\/\\\/ilmatarlodge.fi\\\/\"},{\"@type\":\"ListItem\",\"position\":2,\"name\":\"N\u00e4e &amp; Koe\",\"item\":\"https:\\\/\\\/ilmatarlodge.fi\\\/nae-ja-koe\\\/\"},{\"@type\":\"ListItem\",\"position\":3,\"name\":\"Opastetut luontoel\u00e4mykset\"}]},{\"@type\":\"WebSite\",\"@id\":\"https:\\\/\\\/ilmatarlodge.fi\\\/#website\",\"url\":\"https:\\\/\\\/ilmatarlodge.fi\\\/\",\"name\":\"ILMATAR Airplane Lodge\",\"description\":\"Uniikki lentokonemajoitus keskell&auml; kauneinta suomalaista maaseutua\",\"publisher\":{\"@id\":\"https:\\\/\\\/ilmatarlodge.fi\\\/#organization\"},\"potentialAction\":[{\"@type\":\"SearchAction\",\"target\":{\"@type\":\"EntryPoint\",\"urlTemplate\":\"https:\\\/\\\/ilmatarlodge.fi\\\/?s={search_term_string}\"},\"query-input\":{\"@type\":\"PropertyValueSpecification\",\"valueRequired\":true,\"valueName\":\"search_term_string\"}}],\"inLanguage\":\"en-US\"},{\"@type\":\"Organization\",\"@id\":\"https:\\\/\\\/ilmatarlodge.fi\\\/#organization\",\"name\":\"ILMATAR Airplane Lodge\",\"url\":\"https:\\\/\\\/ilmatarlodge.fi\\\/\",\"logo\":{\"@type\":\"ImageObject\",\"inLanguage\":\"en-US\",\"@id\":\"https:\\\/\\\/ilmatarlodge.fi\\\/#\\\/schema\\\/logo\\\/image\\\/\",\"url\":\"https:\\\/\\\/ilmatarlodge.fi\\\/wp-content\\\/uploads\\\/ilmatarlodge-icon.svg\",\"contentUrl\":\"https:\\\/\\\/ilmatarlodge.fi\\\/wp-content\\\/uploads\\\/ilmatarlodge-icon.svg\",\"width\":1080,\"height\":1080,\"caption\":\"ILMATAR Airplane Lodge\"},\"image\":{\"@id\":\"https:\\\/\\\/ilmatarlodge.fi\\\/#\\\/schema\\\/logo\\\/image\\\/\"}}]}<\/script>\n<!-- \/ Yoast SEO plugin. -->","yoast_head_json":{"title":"Opastetut luontoel\u00e4mykset - ILMATAR Airplane Lodge","robots":{"index":"index","follow":"follow","max-snippet":"max-snippet:-1","max-image-preview":"max-image-preview:large","max-video-preview":"max-video-preview:-1"},"canonical":"https:\/\/ilmatarlodge.fi\/en\/activities\/guided-nature-experiences\/","og_locale":"en_US","og_type":"article","og_title":"Opastetut luontoel\u00e4mykset - ILMATAR Airplane Lodge","og_description":"Opastettu lumikenk\u00e4seikkailu L\u00e4hde oppaan johdolla tutkimaan talvista luontoa rauhalliseen tahtiin. Lumikenk\u00e4retki vie sinut hiljaisuuden ja lumisten metsien keskelle. Retken aikana tarjoilemme l\u00e4mmint\u00e4 juotavaa sek\u00e4 naposteltavaa. Kesto 2,5 tuntia. Ota yhteytt\u00e4 ja pyyd\u00e4 tarjous Pilkkiretki Koe suomalainen talviperinne parhaimmillaan! Oppaamme johdattaa sinut j\u00e4\u00e4lle, miss\u00e4 saat kokeilla pilkkimist\u00e4, nauttia luonnonrauhasta ja kuumasta juomasta nuotion \u00e4\u00e4rell\u00e4. Retki sopii ... Read more","og_url":"https:\/\/ilmatarlodge.fi\/en\/activities\/guided-nature-experiences\/","og_site_name":"ILMATAR Airplane Lodge","article_modified_time":"2025-11-24T18:44:16+00:00","og_image":[{"url":"https:\/\/ilmatarlodge.fi\/wp-content\/uploads\/lumikenkaretki-768x512.jpg","type":"","width":"","height":""}],"twitter_card":"summary_large_image","twitter_misc":{"Est. reading time":"2 minutes"},"schema":{"@context":"https:\/\/schema.org","@graph":[{"@type":"WebPage","@id":"https:\/\/ilmatarlodge.fi\/nae-ja-koe\/opastetut-luontoelamykset\/","url":"https:\/\/ilmatarlodge.fi\/nae-ja-koe\/opastetut-luontoelamykset\/","name":"Opastetut luontoel\u00e4mykset - ILMATAR Airplane Lodge","isPartOf":{"@id":"https:\/\/ilmatarlodge.fi\/#website"},"primaryImageOfPage":{"@id":"https:\/\/ilmatarlodge.fi\/nae-ja-koe\/opastetut-luontoelamykset\/#primaryimage"},"image":{"@id":"https:\/\/ilmatarlodge.fi\/nae-ja-koe\/opastetut-luontoelamykset\/#primaryimage"},"thumbnailUrl":"https:\/\/ilmatarlodge.fi\/wp-content\/uploads\/lumikenkaretki-768x512.jpg","datePublished":"2025-11-24T18:04:32+00:00","dateModified":"2025-11-24T18:44:16+00:00","breadcrumb":{"@id":"https:\/\/ilmatarlodge.fi\/nae-ja-koe\/opastetut-luontoelamykset\/#breadcrumb"},"inLanguage":"en-US","potentialAction":[{"@type":"ReadAction","target":["https:\/\/ilmatarlodge.fi\/nae-ja-koe\/opastetut-luontoelamykset\/"]}]},{"@type":"ImageObject","inLanguage":"en-US","@id":"https:\/\/ilmatarlodge.fi\/nae-ja-koe\/opastetut-luontoelamykset\/#primaryimage","url":"https:\/\/ilmatarlodge.fi\/wp-content\/uploads\/lumikenkaretki-768x512.jpg","contentUrl":"https:\/\/ilmatarlodge.fi\/wp-content\/uploads\/lumikenkaretki-768x512.jpg"},{"@type":"BreadcrumbList","@id":"https:\/\/ilmatarlodge.fi\/nae-ja-koe\/opastetut-luontoelamykset\/#breadcrumb","itemListElement":[{"@type":"ListItem","position":1,"name":"Etusivu","item":"https:\/\/ilmatarlodge.fi\/"},{"@type":"ListItem","position":2,"name":"N\u00e4e &amp; Koe","item":"https:\/\/ilmatarlodge.fi\/nae-ja-koe\/"},{"@type":"ListItem","position":3,"name":"Opastetut luontoel\u00e4mykset"}]},{"@type":"WebSite","@id":"https:\/\/ilmatarlodge.fi\/#website","url":"https:\/\/ilmatarlodge.fi\/","name":"ILMATAR Airplane Lodge","description":"Uniikki lentokonemajoitus keskell&auml; kauneinta suomalaista maaseutua","publisher":{"@id":"https:\/\/ilmatarlodge.fi\/#organization"},"potentialAction":[{"@type":"SearchAction","target":{"@type":"EntryPoint","urlTemplate":"https:\/\/ilmatarlodge.fi\/?s={search_term_string}"},"query-input":{"@type":"PropertyValueSpecification","valueRequired":true,"valueName":"search_term_string"}}],"inLanguage":"en-US"},{"@type":"Organization","@id":"https:\/\/ilmatarlodge.fi\/#organization","name":"ILMATAR Airplane Lodge","url":"https:\/\/ilmatarlodge.fi\/","logo":{"@type":"ImageObject","inLanguage":"en-US","@id":"https:\/\/ilmatarlodge.fi\/#\/schema\/logo\/image\/","url":"https:\/\/ilmatarlodge.fi\/wp-content\/uploads\/ilmatarlodge-icon.svg","contentUrl":"https:\/\/ilmatarlodge.fi\/wp-content\/uploads\/ilmatarlodge-icon.svg","width":1080,"height":1080,"caption":"ILMATAR Airplane Lodge"},"image":{"@id":"https:\/\/ilmatarlodge.fi\/#\/schema\/logo\/image\/"}}]}},"_links":{"self":[{"href":"https:\/\/ilmatarlodge.fi\/en\/wp-json\/wp\/v2\/pages\/1644","targetHints":{"allow":["GET"]}}],"collection":[{"href":"https:\/\/ilmatarlodge.fi\/en\/wp-json\/wp\/v2\/pages"}],"about":[{"href":"https:\/\/ilmatarlodge.fi\/en\/wp-json\/wp\/v2\/types\/page"}],"author":[{"embeddable":true,"href":"https:\/\/ilmatarlodge.fi\/en\/wp-json\/wp\/v2\/users\/1"}],"replies":[{"embeddable":true,"href":"https:\/\/ilmatarlodge.fi\/en\/wp-json\/wp\/v2\/comments?post=1644"}],"version-history":[{"count":14,"href":"https:\/\/ilmatarlodge.fi\/en\/wp-json\/wp\/v2\/pages\/1644\/revisions"}],"predecessor-version":[{"id":1661,"href":"https:\/\/ilmatarlodge.fi\/en\/wp-json\/wp\/v2\/pages\/1644\/revisions\/1661"}],"up":[{"embeddable":true,"href":"https:\/\/ilmatarlodge.fi\/en\/wp-json\/wp\/v2\/pages\/31"}],"wp:attachment":[{"href":"https:\/\/ilmatarlodge.fi\/en\/wp-json\/wp\/v2\/media?parent=1644"}],"curies":[{"name":"wp","href":"https:\/\/api.w.org\/{rel}","templated":true}]}}