{"id":1589,"date":"2025-11-23T08:39:46","date_gmt":"2025-11-23T08:39:46","guid":{"rendered":"https:\/\/ilmatarlodge.fi\/?page_id=1589"},"modified":"2025-11-23T08:55:49","modified_gmt":"2025-11-23T08:55:49","slug":"guided-tour","status":"publish","type":"page","link":"https:\/\/ilmatarlodge.fi\/en\/nae-ja-koe\/opastettu-tutustumiskaynti\/","title":{"rendered":"Guided Tour"},"content":{"rendered":"\t\t<div data-elementor-type=\"wp-page\" data-elementor-id=\"1589\" class=\"elementor elementor-1589\" data-elementor-post-type=\"page\">\n\t\t\t\t<div class=\"elementor-element elementor-element-d5bd784 e-flex e-con-boxed e-con e-parent\" data-id=\"d5bd784\" data-element_type=\"container\" data-e-type=\"container\">\n\t\t\t\t\t<div class=\"e-con-inner\">\n\t\t\t\t<div class=\"elementor-element elementor-element-36429c0 elementor-widget elementor-widget-text-editor\" data-id=\"36429c0\" data-element_type=\"widget\" data-e-type=\"widget\" data-widget_type=\"text-editor.default\">\n\t\t\t\t<div class=\"elementor-widget-container\">\n\t\t\t\t\t\t\t\t\t<p style=\"text-align: center;\"><strong>Tervetuloa opastetulle kierrokselle Ilmattareen.\u00a0\u00a0<\/strong><\/p><p style=\"text-align: center;\">Kurkista ohjaamoon, lennonjohtotorniin ja ainutlaatuiseen lentokonesaunaan \u2013 ja kuule tarinat siit\u00e4, miten vanhasta reittilentokoneesta syntyi el\u00e4myksellinen lomakohde.\u00a0<\/p><p style=\"text-align: center;\">Opastetun kierroksen hinta alk. 25\u20ac \/ hl\u00f6. alv 0 % (min. 10 hl\u00f6) Hinta sis\u00e4lt\u00e4\u00e4 tervetulojuoman sek\u00e4 opastetun esittelykierroksen.<\/p><p style=\"text-align: center;\"><strong>Varaa opastettu tutustumisk\u00e4ynti ryhmille:<\/strong><\/p>\t\t\t\t\t\t\t\t<\/div>\n\t\t\t\t<\/div>\n\t\t\t\t\t<\/div>\n\t\t\t\t<\/div>\n\t\t<div class=\"elementor-element elementor-element-3ec86bb e-flex e-con-boxed e-con e-parent\" data-id=\"3ec86bb\" data-element_type=\"container\" data-e-type=\"container\">\n\t\t\t\t\t<div class=\"e-con-inner\">\n\t\t<div class=\"elementor-element elementor-element-b8068d0 e-con-full e-flex e-con e-child\" data-id=\"b8068d0\" data-element_type=\"container\" data-e-type=\"container\">\n\t\t<div class=\"elementor-element elementor-element-77bc1f9 e-con-full e-flex e-con e-child\" data-id=\"77bc1f9\" data-element_type=\"container\" data-e-type=\"container\">\n\t\t<div class=\"elementor-element elementor-element-6381d55 e-con-full e-flex e-con e-child\" data-id=\"6381d55\" data-element_type=\"container\" data-e-type=\"container\">\n\t\t\t\t<div class=\"elementor-element elementor-element-3396124 elementor-widget elementor-widget-image\" data-id=\"3396124\" data-element_type=\"widget\" data-e-type=\"widget\" data-widget_type=\"image.default\">\n\t\t\t\t<div class=\"elementor-widget-container\">\n\t\t\t\t\t\t\t\t\t\t\t\t\t\t\t<img fetchpriority=\"high\" decoding=\"async\" width=\"768\" height=\"768\" src=\"https:\/\/ilmatarlodge.fi\/wp-content\/uploads\/mandi-moisio.jpg\" class=\"attachment-medium_large size-medium_large wp-image-151\" alt=\"Mandi Moisio\" srcset=\"https:\/\/ilmatarlodge.fi\/wp-content\/uploads\/mandi-moisio.jpg 768w, https:\/\/ilmatarlodge.fi\/wp-content\/uploads\/mandi-moisio-300x300.jpg 300w, https:\/\/ilmatarlodge.fi\/wp-content\/uploads\/mandi-moisio-150x150.jpg 150w\" sizes=\"(max-width: 768px) 100vw, 768px\" \/>\t\t\t\t\t\t\t\t\t\t\t\t\t\t\t<\/div>\n\t\t\t\t<\/div>\n\t\t\t\t<div class=\"elementor-element elementor-element-bd981bd elementor-widget elementor-widget-heading\" data-id=\"bd981bd\" data-element_type=\"widget\" data-e-type=\"widget\" data-widget_type=\"heading.default\">\n\t\t\t\t<div class=\"elementor-widget-container\">\n\t\t\t\t\t<h2 class=\"elementor-heading-title elementor-size-default\">Mandi Moisio<\/h2>\t\t\t\t<\/div>\n\t\t\t\t<\/div>\n\t\t\t\t<div class=\"elementor-element elementor-element-cb14048 jobtitle elementor-widget elementor-widget-text-editor\" data-id=\"cb14048\" data-element_type=\"widget\" data-e-type=\"widget\" data-widget_type=\"text-editor.default\">\n\t\t\t\t<div class=\"elementor-widget-container\">\n\t\t\t\t\t\t\t\t\t<p>Varaukset &amp; Markkinointi<\/p>\t\t\t\t\t\t\t\t<\/div>\n\t\t\t\t<\/div>\n\t\t\t\t<div class=\"elementor-element elementor-element-edd4533 contactdetails elementor-widget elementor-widget-text-editor\" data-id=\"edd4533\" data-element_type=\"widget\" data-e-type=\"widget\" data-widget_type=\"text-editor.default\">\n\t\t\t\t<div class=\"elementor-widget-container\">\n\t\t\t\t\t\t\t\t\t<p>+358442523070<\/p><p>mandi@ilmatarlodge.fi<\/p>\t\t\t\t\t\t\t\t<\/div>\n\t\t\t\t<\/div>\n\t\t\t\t<\/div>\n\t\t<div class=\"elementor-element elementor-element-5b4c226 e-con-full e-flex e-con e-child\" data-id=\"5b4c226\" data-element_type=\"container\" data-e-type=\"container\">\n\t\t\t\t<div class=\"elementor-element elementor-element-534cd20 elementor-button-align-stretch elementor-widget elementor-widget-form\" data-id=\"534cd20\" data-element_type=\"widget\" data-e-type=\"widget\" data-settings=\"{&quot;step_next_label&quot;:&quot;Next&quot;,&quot;step_previous_label&quot;:&quot;Previous&quot;,&quot;button_width&quot;:&quot;100&quot;,&quot;step_type&quot;:&quot;number_text&quot;,&quot;step_icon_shape&quot;:&quot;circle&quot;}\" data-widget_type=\"form.default\">\n\t\t\t\t<div class=\"elementor-widget-container\">\n\t\t\t\t\t\t\t<form class=\"elementor-form\" method=\"post\" name=\"New Form\" aria-label=\"New Form\">\n\t\t\t<input type=\"hidden\" name=\"post_id\" value=\"1589\"\/>\n\t\t\t<input type=\"hidden\" name=\"form_id\" value=\"534cd20\"\/>\n\t\t\t<input type=\"hidden\" name=\"referer_title\" value=\"Opastettu tutustumisk\u00e4ynti - ILMATAR Airplane Lodge\" \/>\n\n\t\t\t\t\t\t\t<input type=\"hidden\" name=\"queried_id\" value=\"1589\"\/>\n\t\t\t\n\t\t\t<div class=\"elementor-form-fields-wrapper elementor-labels-above\">\n\t\t\t\t\t\t\t\t<div class=\"elementor-field-type-text elementor-field-group elementor-column elementor-field-group-name elementor-col-100 elementor-field-required elementor-mark-required\">\n\t\t\t\t\t\t\t\t\t\t\t\t<label for=\"form-field-name\" class=\"elementor-field-label\">\n\t\t\t\t\t\t\t\tNimi\t\t\t\t\t\t\t<\/label>\n\t\t\t\t\t\t\t\t\t\t\t\t\t\t<input size=\"1\" type=\"text\" name=\"form_fields[name]\" id=\"form-field-name\" class=\"elementor-field elementor-size-sm  elementor-field-textual\" required=\"required\">\n\t\t\t\t\t\t\t\t\t\t\t<\/div>\n\t\t\t\t\t\t\t\t<div class=\"elementor-field-type-email elementor-field-group elementor-column elementor-field-group-email elementor-col-100 elementor-field-required elementor-mark-required\">\n\t\t\t\t\t\t\t\t\t\t\t\t<label for=\"form-field-email\" class=\"elementor-field-label\">\n\t\t\t\t\t\t\t\tS\u00e4hk\u00f6posti\t\t\t\t\t\t\t<\/label>\n\t\t\t\t\t\t\t\t\t\t\t\t\t\t<input size=\"1\" type=\"email\" name=\"form_fields[email]\" id=\"form-field-email\" class=\"elementor-field elementor-size-sm  elementor-field-textual\" required=\"required\">\n\t\t\t\t\t\t\t\t\t\t\t<\/div>\n\t\t\t\t\t\t\t\t<div class=\"elementor-field-type-textarea elementor-field-group elementor-column elementor-field-group-message elementor-col-100 elementor-field-required elementor-mark-required\">\n\t\t\t\t\t\t\t\t\t\t\t\t<label for=\"form-field-message\" class=\"elementor-field-label\">\n\t\t\t\t\t\t\t\tViesti\t\t\t\t\t\t\t<\/label>\n\t\t\t\t\t\t<textarea class=\"elementor-field-textual elementor-field  elementor-size-sm\" name=\"form_fields[message]\" id=\"form-field-message\" rows=\"14\" required=\"required\"><\/textarea>\t\t\t\t<\/div>\n\t\t\t\t\t\t\t\t<div class=\"elementor-field-group elementor-column elementor-field-type-submit elementor-col-100 e-form__buttons\">\n\t\t\t\t\t<button class=\"elementor-button elementor-size-lg\" type=\"submit\">\n\t\t\t\t\t\t<span class=\"elementor-button-content-wrapper\">\n\t\t\t\t\t\t\t\t\t\t\t\t\t\t\t\t\t\t\t\t\t\t<span class=\"elementor-button-text\">L\u00e4het\u00e4 viesti<\/span>\n\t\t\t\t\t\t\t\t\t\t\t\t\t<\/span>\n\t\t\t\t\t<\/button>\n\t\t\t\t<\/div>\n\t\t\t<\/div>\n\t\t<\/form>\n\t\t\t\t\t\t<\/div>\n\t\t\t\t<\/div>\n\t\t\t\t<\/div>\n\t\t\t\t<\/div>\n\t\t\t\t<\/div>\n\t\t\t\t\t<\/div>\n\t\t\t\t<\/div>\n\t\t\t\t<\/div>\n\t\t","protected":false},"excerpt":{"rendered":"<p>Tervetuloa opastetulle kierrokselle Ilmattareen.\u00a0\u00a0 Kurkista ohjaamoon, lennonjohtotorniin ja ainutlaatuiseen lentokonesaunaan \u2013 ja kuule tarinat siit\u00e4, miten vanhasta reittilentokoneesta syntyi el\u00e4myksellinen lomakohde.\u00a0 Opastetun kierroksen hinta alk. 25\u20ac \/ hl\u00f6. alv 0 % (min. 10 hl\u00f6) Hinta sis\u00e4lt\u00e4\u00e4 tervetulojuoman sek\u00e4 opastetun esittelykierroksen. Varaa opastettu tutustumisk\u00e4ynti ryhmille: Mandi Moisio Varaukset &amp; Markkinointi +358442523070 mandi@ilmatarlodge.fi<\/p>","protected":false},"author":1,"featured_media":0,"parent":31,"menu_order":0,"comment_status":"closed","ping_status":"closed","template":"","meta":{"footnotes":""},"class_list":["post-1589","page","type-page","status-publish"],"yoast_head":"<!-- This site is optimized with the Yoast SEO plugin v27.5 - https:\/\/yoast.com\/product\/yoast-seo-wordpress\/ -->\n<title>Opastettu tutustumisk\u00e4ynti - ILMATAR Airplane Lodge<\/title>\n<meta name=\"robots\" content=\"index, follow, max-snippet:-1, max-image-preview:large, max-video-preview:-1\" \/>\n<link rel=\"canonical\" href=\"https:\/\/ilmatarlodge.fi\/en\/activities\/guided-tour\/\" \/>\n<meta property=\"og:locale\" content=\"en_US\" \/>\n<meta property=\"og:type\" content=\"article\" \/>\n<meta property=\"og:title\" content=\"Opastettu tutustumisk\u00e4ynti - ILMATAR Airplane Lodge\" \/>\n<meta property=\"og:description\" content=\"Tervetuloa opastetulle kierrokselle Ilmattareen.\u00a0\u00a0 Kurkista ohjaamoon, lennonjohtotorniin ja ainutlaatuiseen lentokonesaunaan \u2013 ja kuule tarinat siit\u00e4, miten vanhasta reittilentokoneesta syntyi el\u00e4myksellinen lomakohde.\u00a0 Opastetun kierroksen hinta alk. 25\u20ac \/ hl\u00f6. alv 0 % (min. 10 hl\u00f6) Hinta sis\u00e4lt\u00e4\u00e4 tervetulojuoman sek\u00e4 opastetun esittelykierroksen. Varaa opastettu tutustumisk\u00e4ynti ryhmille: Mandi Moisio Varaukset &amp; Markkinointi +358442523070 mandi@ilmatarlodge.fi\" \/>\n<meta property=\"og:url\" content=\"https:\/\/ilmatarlodge.fi\/en\/activities\/guided-tour\/\" \/>\n<meta property=\"og:site_name\" content=\"ILMATAR Airplane Lodge\" \/>\n<meta property=\"article:modified_time\" content=\"2025-11-23T08:55:49+00:00\" \/>\n<meta property=\"og:image\" content=\"https:\/\/ilmatarlodge.fi\/wp-content\/uploads\/mandi-moisio.jpg\" \/>\n\t<meta property=\"og:image:width\" content=\"768\" \/>\n\t<meta property=\"og:image:height\" content=\"768\" \/>\n\t<meta property=\"og:image:type\" content=\"image\/jpeg\" \/>\n<meta name=\"twitter:card\" content=\"summary_large_image\" \/>\n<meta name=\"twitter:label1\" content=\"Est. reading time\" \/>\n\t<meta name=\"twitter:data1\" content=\"1 minute\" \/>\n<script type=\"application\/ld+json\" class=\"yoast-schema-graph\">{\"@context\":\"https:\\\/\\\/schema.org\",\"@graph\":[{\"@type\":\"WebPage\",\"@id\":\"https:\\\/\\\/ilmatarlodge.fi\\\/nae-ja-koe\\\/opastettu-tutustumiskaynti\\\/\",\"url\":\"https:\\\/\\\/ilmatarlodge.fi\\\/nae-ja-koe\\\/opastettu-tutustumiskaynti\\\/\",\"name\":\"Opastettu tutustumisk\u00e4ynti - ILMATAR Airplane Lodge\",\"isPartOf\":{\"@id\":\"https:\\\/\\\/ilmatarlodge.fi\\\/#website\"},\"primaryImageOfPage\":{\"@id\":\"https:\\\/\\\/ilmatarlodge.fi\\\/nae-ja-koe\\\/opastettu-tutustumiskaynti\\\/#primaryimage\"},\"image\":{\"@id\":\"https:\\\/\\\/ilmatarlodge.fi\\\/nae-ja-koe\\\/opastettu-tutustumiskaynti\\\/#primaryimage\"},\"thumbnailUrl\":\"https:\\\/\\\/ilmatarlodge.fi\\\/wp-content\\\/uploads\\\/mandi-moisio.jpg\",\"datePublished\":\"2025-11-23T08:39:46+00:00\",\"dateModified\":\"2025-11-23T08:55:49+00:00\",\"breadcrumb\":{\"@id\":\"https:\\\/\\\/ilmatarlodge.fi\\\/nae-ja-koe\\\/opastettu-tutustumiskaynti\\\/#breadcrumb\"},\"inLanguage\":\"en-US\",\"potentialAction\":[{\"@type\":\"ReadAction\",\"target\":[\"https:\\\/\\\/ilmatarlodge.fi\\\/nae-ja-koe\\\/opastettu-tutustumiskaynti\\\/\"]}]},{\"@type\":\"ImageObject\",\"inLanguage\":\"en-US\",\"@id\":\"https:\\\/\\\/ilmatarlodge.fi\\\/nae-ja-koe\\\/opastettu-tutustumiskaynti\\\/#primaryimage\",\"url\":\"https:\\\/\\\/ilmatarlodge.fi\\\/wp-content\\\/uploads\\\/mandi-moisio.jpg\",\"contentUrl\":\"https:\\\/\\\/ilmatarlodge.fi\\\/wp-content\\\/uploads\\\/mandi-moisio.jpg\"},{\"@type\":\"BreadcrumbList\",\"@id\":\"https:\\\/\\\/ilmatarlodge.fi\\\/nae-ja-koe\\\/opastettu-tutustumiskaynti\\\/#breadcrumb\",\"itemListElement\":[{\"@type\":\"ListItem\",\"position\":1,\"name\":\"Etusivu\",\"item\":\"https:\\\/\\\/ilmatarlodge.fi\\\/\"},{\"@type\":\"ListItem\",\"position\":2,\"name\":\"N\u00e4e &amp; Koe\",\"item\":\"https:\\\/\\\/ilmatarlodge.fi\\\/nae-ja-koe\\\/\"},{\"@type\":\"ListItem\",\"position\":3,\"name\":\"Opastettu tutustumisk\u00e4ynti\"}]},{\"@type\":\"WebSite\",\"@id\":\"https:\\\/\\\/ilmatarlodge.fi\\\/#website\",\"url\":\"https:\\\/\\\/ilmatarlodge.fi\\\/\",\"name\":\"ILMATAR Airplane Lodge\",\"description\":\"Uniikki lentokonemajoitus keskell&auml; kauneinta suomalaista maaseutua\",\"publisher\":{\"@id\":\"https:\\\/\\\/ilmatarlodge.fi\\\/#organization\"},\"potentialAction\":[{\"@type\":\"SearchAction\",\"target\":{\"@type\":\"EntryPoint\",\"urlTemplate\":\"https:\\\/\\\/ilmatarlodge.fi\\\/?s={search_term_string}\"},\"query-input\":{\"@type\":\"PropertyValueSpecification\",\"valueRequired\":true,\"valueName\":\"search_term_string\"}}],\"inLanguage\":\"en-US\"},{\"@type\":\"Organization\",\"@id\":\"https:\\\/\\\/ilmatarlodge.fi\\\/#organization\",\"name\":\"ILMATAR Airplane Lodge\",\"url\":\"https:\\\/\\\/ilmatarlodge.fi\\\/\",\"logo\":{\"@type\":\"ImageObject\",\"inLanguage\":\"en-US\",\"@id\":\"https:\\\/\\\/ilmatarlodge.fi\\\/#\\\/schema\\\/logo\\\/image\\\/\",\"url\":\"https:\\\/\\\/ilmatarlodge.fi\\\/wp-content\\\/uploads\\\/ilmatarlodge-icon.svg\",\"contentUrl\":\"https:\\\/\\\/ilmatarlodge.fi\\\/wp-content\\\/uploads\\\/ilmatarlodge-icon.svg\",\"width\":1080,\"height\":1080,\"caption\":\"ILMATAR Airplane Lodge\"},\"image\":{\"@id\":\"https:\\\/\\\/ilmatarlodge.fi\\\/#\\\/schema\\\/logo\\\/image\\\/\"}}]}<\/script>\n<!-- \/ Yoast SEO plugin. -->","yoast_head_json":{"title":"Opastettu tutustumisk\u00e4ynti - ILMATAR Airplane Lodge","robots":{"index":"index","follow":"follow","max-snippet":"max-snippet:-1","max-image-preview":"max-image-preview:large","max-video-preview":"max-video-preview:-1"},"canonical":"https:\/\/ilmatarlodge.fi\/en\/activities\/guided-tour\/","og_locale":"en_US","og_type":"article","og_title":"Opastettu tutustumisk\u00e4ynti - ILMATAR Airplane Lodge","og_description":"Tervetuloa opastetulle kierrokselle Ilmattareen.\u00a0\u00a0 Kurkista ohjaamoon, lennonjohtotorniin ja ainutlaatuiseen lentokonesaunaan \u2013 ja kuule tarinat siit\u00e4, miten vanhasta reittilentokoneesta syntyi el\u00e4myksellinen lomakohde.\u00a0 Opastetun kierroksen hinta alk. 25\u20ac \/ hl\u00f6. alv 0 % (min. 10 hl\u00f6) Hinta sis\u00e4lt\u00e4\u00e4 tervetulojuoman sek\u00e4 opastetun esittelykierroksen. Varaa opastettu tutustumisk\u00e4ynti ryhmille: Mandi Moisio Varaukset &amp; Markkinointi +358442523070 mandi@ilmatarlodge.fi","og_url":"https:\/\/ilmatarlodge.fi\/en\/activities\/guided-tour\/","og_site_name":"ILMATAR Airplane Lodge","article_modified_time":"2025-11-23T08:55:49+00:00","og_image":[{"width":768,"height":768,"url":"https:\/\/ilmatarlodge.fi\/wp-content\/uploads\/mandi-moisio.jpg","type":"image\/jpeg"}],"twitter_card":"summary_large_image","twitter_misc":{"Est. reading time":"1 minute"},"schema":{"@context":"https:\/\/schema.org","@graph":[{"@type":"WebPage","@id":"https:\/\/ilmatarlodge.fi\/nae-ja-koe\/opastettu-tutustumiskaynti\/","url":"https:\/\/ilmatarlodge.fi\/nae-ja-koe\/opastettu-tutustumiskaynti\/","name":"Opastettu tutustumisk\u00e4ynti - ILMATAR Airplane Lodge","isPartOf":{"@id":"https:\/\/ilmatarlodge.fi\/#website"},"primaryImageOfPage":{"@id":"https:\/\/ilmatarlodge.fi\/nae-ja-koe\/opastettu-tutustumiskaynti\/#primaryimage"},"image":{"@id":"https:\/\/ilmatarlodge.fi\/nae-ja-koe\/opastettu-tutustumiskaynti\/#primaryimage"},"thumbnailUrl":"https:\/\/ilmatarlodge.fi\/wp-content\/uploads\/mandi-moisio.jpg","datePublished":"2025-11-23T08:39:46+00:00","dateModified":"2025-11-23T08:55:49+00:00","breadcrumb":{"@id":"https:\/\/ilmatarlodge.fi\/nae-ja-koe\/opastettu-tutustumiskaynti\/#breadcrumb"},"inLanguage":"en-US","potentialAction":[{"@type":"ReadAction","target":["https:\/\/ilmatarlodge.fi\/nae-ja-koe\/opastettu-tutustumiskaynti\/"]}]},{"@type":"ImageObject","inLanguage":"en-US","@id":"https:\/\/ilmatarlodge.fi\/nae-ja-koe\/opastettu-tutustumiskaynti\/#primaryimage","url":"https:\/\/ilmatarlodge.fi\/wp-content\/uploads\/mandi-moisio.jpg","contentUrl":"https:\/\/ilmatarlodge.fi\/wp-content\/uploads\/mandi-moisio.jpg"},{"@type":"BreadcrumbList","@id":"https:\/\/ilmatarlodge.fi\/nae-ja-koe\/opastettu-tutustumiskaynti\/#breadcrumb","itemListElement":[{"@type":"ListItem","position":1,"name":"Etusivu","item":"https:\/\/ilmatarlodge.fi\/"},{"@type":"ListItem","position":2,"name":"N\u00e4e &amp; Koe","item":"https:\/\/ilmatarlodge.fi\/nae-ja-koe\/"},{"@type":"ListItem","position":3,"name":"Opastettu tutustumisk\u00e4ynti"}]},{"@type":"WebSite","@id":"https:\/\/ilmatarlodge.fi\/#website","url":"https:\/\/ilmatarlodge.fi\/","name":"ILMATAR Airplane Lodge","description":"Uniikki lentokonemajoitus keskell&auml; kauneinta suomalaista maaseutua","publisher":{"@id":"https:\/\/ilmatarlodge.fi\/#organization"},"potentialAction":[{"@type":"SearchAction","target":{"@type":"EntryPoint","urlTemplate":"https:\/\/ilmatarlodge.fi\/?s={search_term_string}"},"query-input":{"@type":"PropertyValueSpecification","valueRequired":true,"valueName":"search_term_string"}}],"inLanguage":"en-US"},{"@type":"Organization","@id":"https:\/\/ilmatarlodge.fi\/#organization","name":"ILMATAR Airplane Lodge","url":"https:\/\/ilmatarlodge.fi\/","logo":{"@type":"ImageObject","inLanguage":"en-US","@id":"https:\/\/ilmatarlodge.fi\/#\/schema\/logo\/image\/","url":"https:\/\/ilmatarlodge.fi\/wp-content\/uploads\/ilmatarlodge-icon.svg","contentUrl":"https:\/\/ilmatarlodge.fi\/wp-content\/uploads\/ilmatarlodge-icon.svg","width":1080,"height":1080,"caption":"ILMATAR Airplane Lodge"},"image":{"@id":"https:\/\/ilmatarlodge.fi\/#\/schema\/logo\/image\/"}}]}},"_links":{"self":[{"href":"https:\/\/ilmatarlodge.fi\/en\/wp-json\/wp\/v2\/pages\/1589","targetHints":{"allow":["GET"]}}],"collection":[{"href":"https:\/\/ilmatarlodge.fi\/en\/wp-json\/wp\/v2\/pages"}],"about":[{"href":"https:\/\/ilmatarlodge.fi\/en\/wp-json\/wp\/v2\/types\/page"}],"author":[{"embeddable":true,"href":"https:\/\/ilmatarlodge.fi\/en\/wp-json\/wp\/v2\/users\/1"}],"replies":[{"embeddable":true,"href":"https:\/\/ilmatarlodge.fi\/en\/wp-json\/wp\/v2\/comments?post=1589"}],"version-history":[{"count":7,"href":"https:\/\/ilmatarlodge.fi\/en\/wp-json\/wp\/v2\/pages\/1589\/revisions"}],"predecessor-version":[{"id":1605,"href":"https:\/\/ilmatarlodge.fi\/en\/wp-json\/wp\/v2\/pages\/1589\/revisions\/1605"}],"up":[{"embeddable":true,"href":"https:\/\/ilmatarlodge.fi\/en\/wp-json\/wp\/v2\/pages\/31"}],"wp:attachment":[{"href":"https:\/\/ilmatarlodge.fi\/en\/wp-json\/wp\/v2\/media?parent=1589"}],"curies":[{"name":"wp","href":"https:\/\/api.w.org\/{rel}","templated":true}]}}